{"id":200,"date":"2021-11-25T06:48:22","date_gmt":"2021-11-25T05:48:22","guid":{"rendered":"https:\/\/www.cjl-info.com\/?page_id=200"},"modified":"2021-12-26T10:46:38","modified_gmt":"2021-12-26T09:46:38","slug":"remboursements_retours","status":"publish","type":"page","link":"https:\/\/www.cjl-info.com\/?page_id=200","title":{"rendered":"Politique en mati\u00e8re de remboursements et de retours"},"content":{"rendered":"\n<p><\/p>\n\n\n\n<p>Pr\u00e9sentation<\/p>\n\n\n\n<p>Notre politique de remboursement et de retour dure 30 jours.<\/p>\n\n\n\n<p>Si 30 jours se sont \u00e9coul\u00e9s depuis votre achat, nous ne pouvons pas vous offrir un remboursement complet ou un \u00e9change<\/p>\n\n\n\n<p>Pour \u00eatre \u00e9ligible \u00e0 un retour, votre article doit \u00eatre inutilis\u00e9 et dans le m\u00eame \u00e9tat que vous l&#8217;avez re\u00e7u. Il doit \u00e9galement \u00eatre dans son emballage d&#8217;origine<\/p>\n\n\n\n<p>Articles non retournables&nbsp;:&nbsp;<\/p>\n\n\n\n<p>Cartes-cadeaux, Produits logiciels t\u00e9l\u00e9chargeables.<\/p>\n\n\n\n<p>Pour compl\u00e9ter votre retour, nous avons besoin d&#8217;un re\u00e7u ou d&#8217;une preuve d&#8217;achat<\/p>\n\n\n\n<p>Veuillez ne pas renvoyer votre achat au fabricant<\/p>\n\n\n\n<p>Dans certaines situations, seuls des remboursements partiels sont accord\u00e9s&nbsp;<\/p>\n\n\n\n<p>Livre avec des signes \u00e9vidents d&#8217;utilisation, CD, DVD, cassette VHS, logiciel, jeu vid\u00e9o, cassette ou disque vinyle qui a \u00e9t\u00e9 ouvert<\/p>\n\n\n\n<p>Tout l&#8217;article n&#8217;est pas dans son \u00e9tat d&#8217;origine, est endommag\u00e9 ou manque des pi\u00e8ces pour des raisons non dues \u00e0 notre erreur.<\/p>\n\n\n\n<p>Tout article qui est retourn\u00e9 plus de 30 jours apr\u00e8s la livraison<\/p>\n\n\n\n<p>Remboursements<\/p>\n\n\n\n<p>Une fois votre retour re\u00e7u et inspect\u00e9, nous vous enverrons un e-mail pour vous informer que nous avons re\u00e7u votre article retourn\u00e9.<\/p>\n\n\n\n<p>Nous vous informerons \u00e9galement de l&#8217;approbation ou du rejet de votre remboursement<\/p>\n\n\n\n<p>Si vous \u00eates approuv\u00e9, votre remboursement sera trait\u00e9 et un cr\u00e9dit sera automatiquement appliqu\u00e9 \u00e0 votre carte de cr\u00e9dit ou \u00e0 votre mode de paiement original, dans un certain nombre de jours<\/p>\n\n\n\n<p>Remboursements tardifs ou manquants<\/p>\n\n\n\n<p>Si vous n&#8217;avez pas encore re\u00e7u de remboursement, v\u00e9rifiez d&#8217;abord \u00e0 nouveau votre compte bancaire<\/p>\n\n\n\n<p>Ensuite, contactez votre soci\u00e9t\u00e9 de carte de cr\u00e9dit, cela peut prendre un certain temps avant que votre remboursement ne soit officiellement publi\u00e9<\/p>\n\n\n\n<p>Contactez ensuite votre banque. Il y a souvent un certain temps de traitement avant qu&#8217;un remboursement ne soit publi\u00e9<\/p>\n\n\n\n<p>Si vous avez fait tout cela et que vous n&#8217;avez toujours pas re\u00e7u votre remboursement, veuillez nous contacter \u00e0 {adresse e-mail<\/p>\n\n\n\n<p>Articles en solde<\/p>\n\n\n\n<p>Seuls les articles \u00e0 prix r\u00e9gulier peuvent \u00eatre rembours\u00e9s. Les articles sold\u00e9s ne peuvent pas \u00eatre rembours\u00e9s.<\/p>\n\n\n\n<p>\u00c9changes<\/p>\n\n\n\n<p>Nous ne rempla\u00e7ons les articles que s&#8217;ils sont d\u00e9fectueux ou endommag\u00e9s.<\/p>\n\n\n\n<p>Si vous avez besoin de l&#8217;\u00e9changer contre le m\u00eame article, envoyez-nous un e-mail \u00e0 {adresse e-mail} et envoyez votre article \u00e0&nbsp;: {adresse physique<\/p>\n\n\n\n<p>Cadeaux<\/p>\n\n\n\n<p>Si l&#8217;article a \u00e9t\u00e9 marqu\u00e9 comme cadeau lors de l&#8217;achat et qu&#8217;il vous a \u00e9t\u00e9 exp\u00e9di\u00e9 directement, vous recevrez un cr\u00e9dit-cadeau correspondant \u00e0 la valeur de votre retour.<\/p>\n\n\n\n<p>Une fois l&#8217;article retourn\u00e9 re\u00e7u, un ch\u00e8que-cadeau vous sera envoy\u00e9 par la poste<\/p>\n\n\n\n<p>Si l&#8217;article n&#8217;a pas \u00e9t\u00e9 marqu\u00e9 comme cadeau lors de l&#8217;achat, ou si le donneur du cadeau s&#8217;est fait exp\u00e9dier la commande pour vous la remettre plus tard, nous enverrons un remboursement au donneur du cadeau et il sera inform\u00e9 de votre retour.<\/p>\n\n\n\n<p>Retours d&#8217;exp\u00e9dition&nbsp;:<\/p>\n\n\n\n<p>Pour retourner votre produit, vous devez envoyer votre produit \u00e0&nbsp;: {adresse physique<\/p>\n\n\n\n<p>Vous serez responsable du paiement de vos propres frais d&#8217;exp\u00e9dition pour le retour de votre article. Les frais d&#8217;exp\u00e9dition ne sont pas remboursables.<\/p>\n\n\n\n<p>Si vous recevez un remboursement, les frais d&#8217;exp\u00e9dition de retour seront d\u00e9duits de votre remboursement.<\/p>\n\n\n\n<p>Selon l&#8217;endroit o\u00f9 vous habitez, le temps n\u00e9cessaire pour que votre produit \u00e9chang\u00e9 vous parvienne peut varier.<\/p>\n\n\n\n<p>Si vous retournez des articles plus chers, vous pouvez envisager d&#8217;utiliser un service d&#8217;exp\u00e9dition avec suivit ou de souscrire une assurance d&#8217;exp\u00e9dition.<\/p>\n\n\n\n<p>Nous ne garantissons pas que nous recevions votre article retourn\u00e9.<\/p>\n\n\n\n<p><\/p>\n","protected":false},"excerpt":{"rendered":"<p>Pr\u00e9sentation Notre politique de remboursement et de retour dure 30 jours. Si 30 jours se sont \u00e9coul\u00e9s depuis votre achat,&hellip;<\/p>\n","protected":false},"author":1,"featured_media":0,"parent":51,"menu_order":-1,"comment_status":"closed","ping_status":"closed","template":"","meta":{"footnotes":""},"class_list":["post-200","page","type-page","status-publish","hentry"],"yoast_head":"<!-- This site is optimized with the Yoast SEO plugin v27.0 - https:\/\/yoast.com\/product\/yoast-seo-wordpress\/ -->\n<title>Politique en mati\u00e8re de remboursements et de retours - EIRL CJL-INFO<\/title>\n<meta name=\"robots\" content=\"index, follow, max-snippet:-1, max-image-preview:large, max-video-preview:-1\" \/>\n<link rel=\"canonical\" href=\"https:\/\/www.cjl-info.com\/?page_id=200\" \/>\n<meta property=\"og:locale\" content=\"fr_FR\" \/>\n<meta property=\"og:type\" content=\"article\" \/>\n<meta property=\"og:title\" content=\"Politique en mati\u00e8re de remboursements et de retours - EIRL CJL-INFO\" \/>\n<meta property=\"og:description\" content=\"Pr\u00e9sentation Notre politique de remboursement et de retour dure 30 jours. Si 30 jours se sont \u00e9coul\u00e9s depuis votre achat,&hellip;\" \/>\n<meta property=\"og:url\" content=\"https:\/\/www.cjl-info.com\/?page_id=200\" \/>\n<meta property=\"og:site_name\" content=\"EIRL CJL-INFO\" \/>\n<meta property=\"article:publisher\" content=\"https:\/\/www.facebook.com\/people\/Cjl-info-systme-et-rseaux-informatique\/100067370149168\/\" \/>\n<meta property=\"article:modified_time\" content=\"2021-12-26T09:46:38+00:00\" \/>\n<meta property=\"og:image\" content=\"https:\/\/www.cjl-info.com\/wp-content\/uploads\/2023\/04\/cjl-info-1.jpg\" \/>\n\t<meta property=\"og:image:width\" content=\"430\" \/>\n\t<meta property=\"og:image:height\" content=\"430\" \/>\n\t<meta property=\"og:image:type\" content=\"image\/jpeg\" \/>\n<meta name=\"twitter:card\" content=\"summary_large_image\" \/>\n<meta name=\"twitter:site\" content=\"@CJLINFO\" \/>\n<meta name=\"twitter:label1\" content=\"Dur\u00e9e de lecture estim\u00e9e\" \/>\n\t<meta name=\"twitter:data1\" content=\"3 minutes\" \/>\n<script type=\"application\/ld+json\" class=\"yoast-schema-graph\">{\"@context\":\"https:\/\/schema.org\",\"@graph\":[{\"@type\":\"WebPage\",\"@id\":\"https:\/\/www.cjl-info.com\/?page_id=200\",\"url\":\"https:\/\/www.cjl-info.com\/?page_id=200\",\"name\":\"Politique en mati\u00e8re de remboursements et de retours - EIRL CJL-INFO\",\"isPartOf\":{\"@id\":\"https:\/\/www.cjl-info.com\/#website\"},\"datePublished\":\"2021-11-25T05:48:22+00:00\",\"dateModified\":\"2021-12-26T09:46:38+00:00\",\"breadcrumb\":{\"@id\":\"https:\/\/www.cjl-info.com\/?page_id=200#breadcrumb\"},\"inLanguage\":\"fr-FR\",\"potentialAction\":[{\"@type\":\"ReadAction\",\"target\":[\"https:\/\/www.cjl-info.com\/?page_id=200\"]}]},{\"@type\":\"BreadcrumbList\",\"@id\":\"https:\/\/www.cjl-info.com\/?page_id=200#breadcrumb\",\"itemListElement\":[{\"@type\":\"ListItem\",\"position\":1,\"name\":\"Accueil\",\"item\":\"https:\/\/www.cjl-info.com\/\"},{\"@type\":\"ListItem\",\"position\":2,\"name\":\"Conditions g\u00e9n\u00e9rales de vente et prestations de services\",\"item\":\"https:\/\/www.cjl-info.com\/?page_id=51\"},{\"@type\":\"ListItem\",\"position\":3,\"name\":\"Politique en mati\u00e8re de remboursements et de retours\"}]},{\"@type\":\"WebSite\",\"@id\":\"https:\/\/www.cjl-info.com\/#website\",\"url\":\"https:\/\/www.cjl-info.com\/\",\"name\":\"EIRL CJL-INFO\",\"description\":\"Pi\u00e8ces d\u00e9tach\u00e9es pour ordinateurs\",\"publisher\":{\"@id\":\"https:\/\/www.cjl-info.com\/#organization\"},\"alternateName\":\"Informaticien saint paul de vence Cagnes sur mer antibes saint laurent du var\",\"potentialAction\":[{\"@type\":\"SearchAction\",\"target\":{\"@type\":\"EntryPoint\",\"urlTemplate\":\"https:\/\/www.cjl-info.com\/?s={search_term_string}\"},\"query-input\":{\"@type\":\"PropertyValueSpecification\",\"valueRequired\":true,\"valueName\":\"search_term_string\"}}],\"inLanguage\":\"fr-FR\"},{\"@type\":\"Organization\",\"@id\":\"https:\/\/www.cjl-info.com\/#organization\",\"name\":\"CJL-INFO\",\"alternateName\":\"CJL-INFO Syst\u00e8mes et R\u00e9seaux Informatiques\",\"url\":\"https:\/\/www.cjl-info.com\/\",\"logo\":{\"@type\":\"ImageObject\",\"inLanguage\":\"fr-FR\",\"@id\":\"https:\/\/www.cjl-info.com\/#\/schema\/logo\/image\/\",\"url\":\"https:\/\/www.cjl-info.com\/wp-content\/uploads\/2023\/04\/cropped-cropped-cjl-info-1.jpg\",\"contentUrl\":\"https:\/\/www.cjl-info.com\/wp-content\/uploads\/2023\/04\/cropped-cropped-cjl-info-1.jpg\",\"width\":512,\"height\":510,\"caption\":\"CJL-INFO\"},\"image\":{\"@id\":\"https:\/\/www.cjl-info.com\/#\/schema\/logo\/image\/\"},\"sameAs\":[\"https:\/\/www.facebook.com\/people\/Cjl-info-systme-et-rseaux-informatique\/100067370149168\/\",\"https:\/\/x.com\/CJLINFO\"]}]}<\/script>\n<!-- \/ Yoast SEO plugin. -->","yoast_head_json":{"title":"Politique en mati\u00e8re de remboursements et de retours - EIRL CJL-INFO","robots":{"index":"index","follow":"follow","max-snippet":"max-snippet:-1","max-image-preview":"max-image-preview:large","max-video-preview":"max-video-preview:-1"},"canonical":"https:\/\/www.cjl-info.com\/?page_id=200","og_locale":"fr_FR","og_type":"article","og_title":"Politique en mati\u00e8re de remboursements et de retours - EIRL CJL-INFO","og_description":"Pr\u00e9sentation Notre politique de remboursement et de retour dure 30 jours. Si 30 jours se sont \u00e9coul\u00e9s depuis votre achat,&hellip;","og_url":"https:\/\/www.cjl-info.com\/?page_id=200","og_site_name":"EIRL CJL-INFO","article_publisher":"https:\/\/www.facebook.com\/people\/Cjl-info-systme-et-rseaux-informatique\/100067370149168\/","article_modified_time":"2021-12-26T09:46:38+00:00","og_image":[{"width":430,"height":430,"url":"https:\/\/www.cjl-info.com\/wp-content\/uploads\/2023\/04\/cjl-info-1.jpg","type":"image\/jpeg"}],"twitter_card":"summary_large_image","twitter_site":"@CJLINFO","twitter_misc":{"Dur\u00e9e de lecture estim\u00e9e":"3 minutes"},"schema":{"@context":"https:\/\/schema.org","@graph":[{"@type":"WebPage","@id":"https:\/\/www.cjl-info.com\/?page_id=200","url":"https:\/\/www.cjl-info.com\/?page_id=200","name":"Politique en mati\u00e8re de remboursements et de retours - EIRL CJL-INFO","isPartOf":{"@id":"https:\/\/www.cjl-info.com\/#website"},"datePublished":"2021-11-25T05:48:22+00:00","dateModified":"2021-12-26T09:46:38+00:00","breadcrumb":{"@id":"https:\/\/www.cjl-info.com\/?page_id=200#breadcrumb"},"inLanguage":"fr-FR","potentialAction":[{"@type":"ReadAction","target":["https:\/\/www.cjl-info.com\/?page_id=200"]}]},{"@type":"BreadcrumbList","@id":"https:\/\/www.cjl-info.com\/?page_id=200#breadcrumb","itemListElement":[{"@type":"ListItem","position":1,"name":"Accueil","item":"https:\/\/www.cjl-info.com\/"},{"@type":"ListItem","position":2,"name":"Conditions g\u00e9n\u00e9rales de vente et prestations de services","item":"https:\/\/www.cjl-info.com\/?page_id=51"},{"@type":"ListItem","position":3,"name":"Politique en mati\u00e8re de remboursements et de retours"}]},{"@type":"WebSite","@id":"https:\/\/www.cjl-info.com\/#website","url":"https:\/\/www.cjl-info.com\/","name":"EIRL CJL-INFO","description":"Pi\u00e8ces d\u00e9tach\u00e9es pour ordinateurs","publisher":{"@id":"https:\/\/www.cjl-info.com\/#organization"},"alternateName":"Informaticien saint paul de vence Cagnes sur mer antibes saint laurent du var","potentialAction":[{"@type":"SearchAction","target":{"@type":"EntryPoint","urlTemplate":"https:\/\/www.cjl-info.com\/?s={search_term_string}"},"query-input":{"@type":"PropertyValueSpecification","valueRequired":true,"valueName":"search_term_string"}}],"inLanguage":"fr-FR"},{"@type":"Organization","@id":"https:\/\/www.cjl-info.com\/#organization","name":"CJL-INFO","alternateName":"CJL-INFO Syst\u00e8mes et R\u00e9seaux Informatiques","url":"https:\/\/www.cjl-info.com\/","logo":{"@type":"ImageObject","inLanguage":"fr-FR","@id":"https:\/\/www.cjl-info.com\/#\/schema\/logo\/image\/","url":"https:\/\/www.cjl-info.com\/wp-content\/uploads\/2023\/04\/cropped-cropped-cjl-info-1.jpg","contentUrl":"https:\/\/www.cjl-info.com\/wp-content\/uploads\/2023\/04\/cropped-cropped-cjl-info-1.jpg","width":512,"height":510,"caption":"CJL-INFO"},"image":{"@id":"https:\/\/www.cjl-info.com\/#\/schema\/logo\/image\/"},"sameAs":["https:\/\/www.facebook.com\/people\/Cjl-info-systme-et-rseaux-informatique\/100067370149168\/","https:\/\/x.com\/CJLINFO"]}]}},"_links":{"self":[{"href":"https:\/\/www.cjl-info.com\/index.php?rest_route=\/wp\/v2\/pages\/200","targetHints":{"allow":["GET"]}}],"collection":[{"href":"https:\/\/www.cjl-info.com\/index.php?rest_route=\/wp\/v2\/pages"}],"about":[{"href":"https:\/\/www.cjl-info.com\/index.php?rest_route=\/wp\/v2\/types\/page"}],"author":[{"embeddable":true,"href":"https:\/\/www.cjl-info.com\/index.php?rest_route=\/wp\/v2\/users\/1"}],"replies":[{"embeddable":true,"href":"https:\/\/www.cjl-info.com\/index.php?rest_route=%2Fwp%2Fv2%2Fcomments&post=200"}],"version-history":[{"count":1,"href":"https:\/\/www.cjl-info.com\/index.php?rest_route=\/wp\/v2\/pages\/200\/revisions"}],"predecessor-version":[{"id":1465,"href":"https:\/\/www.cjl-info.com\/index.php?rest_route=\/wp\/v2\/pages\/200\/revisions\/1465"}],"up":[{"embeddable":true,"href":"https:\/\/www.cjl-info.com\/index.php?rest_route=\/wp\/v2\/pages\/51"}],"wp:attachment":[{"href":"https:\/\/www.cjl-info.com\/index.php?rest_route=%2Fwp%2Fv2%2Fmedia&parent=200"}],"curies":[{"name":"wp","href":"https:\/\/api.w.org\/{rel}","templated":true}]}}