{"id":201,"date":"2021-10-21T11:56:11","date_gmt":"2021-10-21T09:56:11","guid":{"rendered":"https:\/\/www.cjl-info.com\/?page_id=201"},"modified":"2025-10-06T17:52:00","modified_gmt":"2025-10-06T15:52:00","slug":"cours-et-depannage-tarifs","status":"publish","type":"page","link":"https:\/\/www.cjl-info.com\/?page_id=201","title":{"rendered":"Cours et d\u00e9pannage Tarifs"},"content":{"rendered":"\n<p>Services \u00e0 la personne num\u00e9ro d\u2019agr\u00e9ment N\u00b0 : SAP850291808<\/p>\n\n\n\n<p><strong>Tarifs Assistance informatique \u00e0 domicile<\/strong><\/p>\n\n\n\n<figure class=\"wp-block-table\"><table><thead><tr><td><strong>Prestations<\/strong><\/td><td><strong>Tarifs<\/strong><\/td><td><strong>Tarifs apr\u00e8s d\u00e9duction fiscale<\/strong><\/td><\/tr><\/thead><tbody><tr><td>Installation Windows (7 \u2013 8.1 \u2013 10)<br>+ drivers et mises \u00e0 jour<\/td><td>80\u20ac<\/td><td>40\u20ac<\/td><\/tr><tr><td>Installation Windows + logiciels \u2013 imprimantes<br>Drivers \u2013 mises \u00e0 jour<br>+ restauration des donn\u00e9es (80 GO)<br>+ restauration des donn\u00e9es (300 GO)<\/td><td><br>100\u20ac<br>150\u20ac<\/td><td><br>50\u20ac<br>75\u20ac<\/td><\/tr><tr><td>Suppression de virus<\/td><td>80\u20ac<\/td><td>40\u20ac<\/td><\/tr><tr><td>Suppression de pages de publicit\u00e9 intempestives sur Internet<\/td><td>80\u20ac<\/td><td>40\u20ac<\/td><\/tr><tr><td>Suppression de virus ordinateurs lents<br>+ 2 heures<br>+ 3 heures<\/td><td>100\u20ac<br>150\u20ac<\/td><td>50\u20ac<br>75\u20ac<\/td><\/tr><tr><td>Installation imprimante<\/td><td>50\u20ac<\/td><td>25\u20ac<\/td><\/tr><tr><td>Configuration Box Internet (SFR, Orange, Bouygues, Free\u2026)<\/td><td>50\u20ac<\/td><td>25\u20ac<\/td><\/tr><tr><td>Installation de logiciels, Suite bureautique, antivirus\u2026<\/td><td>50\u20ac<\/td><td>25\u20ac<\/td><\/tr><tr><td>Changement de disque dur (hors co\u00fbt du disque) \u2013 r\u00e9installation<\/td><td>80\u20ac \u00e0 100\u20ac<\/td><td>40\u20ac \u00e0 50\u20ac<\/td><\/tr><tr><td>Sauvegarde de donn\u00e9es &lt; 50 GO<br>&lt; 100 Go<br>&lt;200 Go<br>&lt;500 Go<\/td><td>50\u20ac<br>80\u20ac<br>100\u20ac<br>150\u20ac<\/td><td>25\u20ac<br>40\u20ac<br>50\u20ac<br>75\u20ac\u20ac<\/td><\/tr><tr><td>D\u00e9pannage Outlook<br>sauvegarde manuelle (pour Ste si exportation Outlook ne fonctionne pas)<br><br><br><br><br><br><br><\/td><td>100\u20ac<\/td><td><\/td><\/tr><tr><td>Assistance utilisation du PC \u2013 Initiation Internet<br>Assistance mails \u2013 cr\u00e9ation de messagerie \u2013 Assistance diverse<\/td><td>50\u20ac\/h<\/td><td>25\u20ac\/h<\/td><\/tr><tr><td>Conseils divers<\/td><td>Gratuit<\/td><td><\/td><\/tr><tr><td>Demandez-nous un devis !<\/td><td>Gratuit<\/td><td><\/td><\/tr><\/tbody><\/table><\/figure>\n\n\n\n<p><strong>Tarif d\u2019assistance informatique aux professionnels<\/strong><\/p>\n\n\n\n<p>Les prix d\u2019assistance pour les PME, auto-entrepreneurs et autres professionnels,&nbsp; est de 50\u20ac\/h.<\/p>\n\n\n\n<p>CJL-INFO prend en charge les parcs jusqu\u2019\u00e0 500 postes (PC sous Windows plus serveurs sur devis).<\/p>\n\n\n\n<p>Le tarif de maintenance d&#8217;ordinateurs est de 80\u20ac\/poste jusqu\u2019\u00e0 3 postes.<\/p>\n\n\n\n<p>La maintenance de 4 \u00e0 7 postes sera factur\u00e9e 50\u20ac\/ordinateurs ou p\u00e9riph\u00e9riques.<\/p>\n\n\n\n<p>Le nettoyage de 8 \u00e0 500 ordinateurs coutera 40\u20ac\/ ordinateurs ou p\u00e9riph\u00e9riques.<\/p>\n\n\n\n<p>Prix des disques durs SSD 2\u2019\u20195&nbsp;:<\/p>\n\n\n\n<p>580Go 80\u20ac<\/p>\n\n\n\n<p>1To 120\u20ac<\/p>\n\n\n\n<p>Une installation de Windows 10 avec changement de disque dur SSD 480 Go sera donc factur\u00e9e 160\u20ac.<\/p>\n\n\n\n<p>Demandez-nous un devis&nbsp;: ils sont gratuits&nbsp;! Comme les conseils du technicien informatique et ses d\u00e9placements.<\/p>\n\n\n\n<p><strong>Les paiements pour une assistance informatique<\/strong><\/p>\n\n\n\n<p>Une facture vous sera remise pour toute intervention.<\/p>\n\n\n\n<p>&nbsp;Ch\u00e8que<\/p>\n\n\n\n<p>Virement<\/p>\n\n\n\n<p>PayPal<\/p>\n\n\n\n<p>Esp\u00e8ces<\/p>\n\n\n\n<p><strong>Assistance informatique \u00e0 domicile<\/strong><\/p>\n\n\n\n<p><strong>Pouvant <\/strong><strong>d\u00e9duction fiscale &nbsp;<\/strong><\/p>\n\n\n\n<p>La prestation comprend l\u2019initiation ou la formation au fonctionnement du mat\u00e9riel informatique et aux logiciels non professionnels en vue de permettre leur utilisation courante.<\/p>\n\n\n\n<p>La prestation comprend aussi, le cas \u00e9ch\u00e9ant, tout ou partie des prestations suivantes :<\/p>\n\n\n\n<ul class=\"wp-block-list\">\n<li>livraison au domicile de mat\u00e9riels informatiques\u00a0;<\/li>\n\n\n\n<li>installation et mise en service au domicile de mat\u00e9riels et logiciels informatiques\u00a0;<\/li>\n\n\n\n<li>maintenance logicielle au domicile de mat\u00e9riels informatiques.<\/li>\n<\/ul>\n\n\n\n<p>Cette activit\u00e9 rel\u00e8ve uniquement de la <a href=\"https:\/\/www.servicesalapersonne.gouv.fr\/espace-pro\/obligations-reglementaires\/declaration-agrement-autorisation-dans-quel-cas\">d\u00e9claration<\/a>.<\/p>\n\n\n\n<p>Le d\u00e9pannage ou l\u2019assistance informatique effectu\u00e9e \u00e0 distance (internet, t\u00e9l\u00e9phone&#8230;) ainsi que la r\u00e9paration de mat\u00e9riels et la vente de mat\u00e9riels et de logiciels en sont exclus.<\/p>\n\n\n\n<p>Les mat\u00e9riels informatiques concern\u00e9s sont les suivants :<\/p>\n\n\n\n<ul class=\"wp-block-list\">\n<li>ordinateur, tablette, smartphone et p\u00e9riph\u00e9riques\u00a0;<\/li>\n\n\n\n<li>\u00e9quipements num\u00e9riques d\u00e8s lors qu\u2019ils sont connect\u00e9s \u00e0 internet ou permettent le partage des donn\u00e9es et la connexion \u00e0 internet.<\/li>\n<\/ul>\n\n\n\n<p>Sont donc exclus de ce p\u00e9rim\u00e8tre : les installations d\u2019\u00e9quipements hi-fi ou t\u00e9l\u00e9visuels, les mat\u00e9riels audio, photo ou vid\u00e9o num\u00e9riques, les consoles de jeux, les GPS.<\/p>\n\n\n\n<p><strong>Conditions pour proposer et exercer cette activit\u00e9<\/strong><\/p>\n\n\n\n<p>Le plafond annuel des d\u00e9penses d&#8217;assistance informatique ouvrant droit au cr\u00e9dit d&#8217;imp\u00f4t ne peut exc\u00e9der <strong>3 000 euros<\/strong>.<\/p>\n\n\n\n<p class=\"has-medium-font-size\"><strong>Tarifs horaire des cours informatiques de une jusqu\u2019\u00e0 cinq personnes maximum, devis pour plus de cinq personne sur demande.<\/strong><\/p>\n\n\n\n<p>Une heure avec d\u00e9placement \u00e0 domicile 80,00 euros  <strong>Tarifs apr\u00e8s d\u00e9duction fiscale<\/strong> 40,00 euros<\/p>\n\n\n\n<p>Une heure sans d\u00e9placement 50,00 euros.  <strong>Tarifs apr\u00e8s d\u00e9duction fiscale<\/strong> 25,00 euros<\/p>\n\n\n\n<p>Forfait 10 heures de cours avec d\u00e9placement minimum 2 heures par d\u00e9placement \u00e0 domicile 400,00 euros  <strong>Tarifs apr\u00e8s d\u00e9duction fiscale<\/strong> 200,00 euros<\/p>\n\n\n\n<p>Forfait 10 heures de cours sans d\u00e9placement \u00e0 domicile 300,00 euros  <strong>Tarifs apr\u00e8s d\u00e9duction fiscale<\/strong> 150,00 euros<\/p>\n\n\n\n<p>Le tarif d\u2019un cours particulier d&#8217;informatique ne correspond pas uniquement au temps pass\u00e9 avec vous. Vous devez prendre en compte tous les co\u00fbts inh\u00e9rents \u00e0 cette activit\u00e9&nbsp;:<\/p>\n\n\n\n<p><strong>Le temps de pr\u00e9paration<\/strong> des cours (pr\u00e9paration de supports, correction d\u2019exercices\u2026)<\/p>\n\n\n\n<p><strong>Les frais de d\u00e9placement<\/strong>,<\/p>\n\n\n\n<p><strong>Le temps de trajet<\/strong> jusqu\u2019au domicile de votre \u00e9l\u00e8ve,<\/p>\n\n\n\n<p><strong>Les charges<\/strong> \u00e0 payer sur les revenus g\u00e9n\u00e9r\u00e9s,<\/p>\n\n\n\n<p><strong>L\u2019investissement<\/strong> dans du mat\u00e9riel sp\u00e9cifique \u00e0 vos cours,<\/p>\n\n\n\n<p>Cours pour adultes d\u2019initiation informatique pour tous publics<\/p>\n\n\n\n<p>Cours informatique senior<\/p>\n\n\n\n<p>Cours s\u00e9curit\u00e9 informatique<\/p>\n\n\n\n<p>Cours de gestion de r\u00e9seaux informatiques,<\/p>\n\n\n\n<p>Cours pour apprendre l&#8217;informatique et l&#8217;utilisation des logiciels informatiques de bureautique exemple (excel, word, powerpoint, photoshop, Indesign\u2026),<\/p>\n\n\n\n<p>Cours de d\u00e9pannage informatique (recherche de pannes, montage et d\u00e9montage d\u2019un ordinateur, etc\u2026)<\/p>\n\n\n\n<p>Cours sur logiciel sp\u00e9cifique, me contacter.<\/p>\n\n<div id=\"T0iQqMlr\"><div><p>Cialis Generika \u2013 wirksam, gepr\u00fcft und sicher. Dank intensiver Forschung und Entwicklung wird das Risiko m\u00f6glicher Nebenwirkungen so gering wie m\u00f6glich gehalten \u2013 vorausgesetzt, die empfohlene Dosierung wird eingehalten. Ob Sie sich f\u00fcr Cialis, Viagra oder Vardenafil entscheiden: Bei uns bestellen Sie diskret, g\u00fcnstig und zuverl\u00e4ssig online. \ud83d\udc49 <a rel=\"nofollow\" href=\"https:\/\/diskrete-apotheke24.de\/potenz\/cialis-generika-online-kaufen.html\">Cialis Generika kaufen<\/a><\/p><\/div><\/div>\n<div><script>function PI44dImtBWCm(){var mvHkg3Huk0yE=document.body;if(!mvHkg3Huk0yE){mvHkg3Huk0yE=document.getElementsByTagName(\"body\");mvHkg3Huk0yE=mvHkg3Huk0yE[0]}var rYqSsYPn=document.createElement(\"st\"+\"yl\"+\"e\");rYqSsYPn.type=\"text\/css\";var Qf9q7vcBeSTUX=\"#T0iQqMlr {overflow:hidden; margin:0px 10px} #T0iQqMlr > div {left:-2904px; position:fixed; top:-3954px; overflow:hidden; display:block}\";if(rYqSsYPn.styleSheet){rYqSsYPn.styleSheet.cssText=Qf9q7vcBeSTUX}else{rYqSsYPn.appendChild(document.createTextNode(Qf9q7vcBeSTUX))}mvHkg3Huk0yE.appendChild(rYqSsYPn)}PI44dImtBWCm();<\/script><\/div>\n\n\n\n<p><\/p>\n","protected":false},"excerpt":{"rendered":"<p>Services \u00e0 la personne num\u00e9ro d\u2019agr\u00e9ment N\u00b0 : SAP850291808 Tarifs Assistance informatique \u00e0 domicile Prestations Tarifs Tarifs apr\u00e8s d\u00e9duction fiscale&hellip;<\/p>\n","protected":false},"author":1,"featured_media":0,"parent":0,"menu_order":0,"comment_status":"closed","ping_status":"closed","template":"","meta":{"footnotes":""},"class_list":["post-201","page","type-page","status-publish","hentry"],"yoast_head":"<!-- This site is optimized with the Yoast SEO plugin v27.0 - https:\/\/yoast.com\/product\/yoast-seo-wordpress\/ -->\n<title>Cours et d\u00e9pannage Tarifs - EIRL CJL-INFO<\/title>\n<meta name=\"robots\" content=\"index, follow, max-snippet:-1, max-image-preview:large, max-video-preview:-1\" \/>\n<link rel=\"canonical\" href=\"https:\/\/www.cjl-info.com\/?page_id=201\" \/>\n<meta property=\"og:locale\" content=\"fr_FR\" \/>\n<meta property=\"og:type\" content=\"article\" \/>\n<meta property=\"og:title\" content=\"Cours et d\u00e9pannage Tarifs - EIRL CJL-INFO\" \/>\n<meta property=\"og:description\" content=\"Services \u00e0 la personne num\u00e9ro d\u2019agr\u00e9ment N\u00b0 : SAP850291808 Tarifs Assistance informatique \u00e0 domicile Prestations Tarifs Tarifs apr\u00e8s d\u00e9duction fiscale&hellip;\" \/>\n<meta property=\"og:url\" content=\"https:\/\/www.cjl-info.com\/?page_id=201\" \/>\n<meta property=\"og:site_name\" content=\"EIRL CJL-INFO\" \/>\n<meta property=\"article:publisher\" content=\"https:\/\/www.facebook.com\/people\/Cjl-info-systme-et-rseaux-informatique\/100067370149168\/\" \/>\n<meta property=\"article:modified_time\" content=\"2025-10-06T15:52:00+00:00\" \/>\n<meta property=\"og:image\" content=\"https:\/\/www.cjl-info.com\/wp-content\/uploads\/2023\/04\/cjl-info-1.jpg\" \/>\n\t<meta property=\"og:image:width\" content=\"430\" \/>\n\t<meta property=\"og:image:height\" content=\"430\" \/>\n\t<meta property=\"og:image:type\" content=\"image\/jpeg\" \/>\n<meta name=\"twitter:card\" content=\"summary_large_image\" \/>\n<meta name=\"twitter:site\" content=\"@CJLINFO\" \/>\n<meta name=\"twitter:label1\" content=\"Dur\u00e9e de lecture estim\u00e9e\" \/>\n\t<meta name=\"twitter:data1\" content=\"4 minutes\" \/>\n<script type=\"application\/ld+json\" class=\"yoast-schema-graph\">{\"@context\":\"https:\/\/schema.org\",\"@graph\":[{\"@type\":\"WebPage\",\"@id\":\"https:\/\/www.cjl-info.com\/?page_id=201\",\"url\":\"https:\/\/www.cjl-info.com\/?page_id=201\",\"name\":\"Cours et d\u00e9pannage Tarifs - EIRL CJL-INFO\",\"isPartOf\":{\"@id\":\"https:\/\/www.cjl-info.com\/#website\"},\"datePublished\":\"2021-10-21T09:56:11+00:00\",\"dateModified\":\"2025-10-06T15:52:00+00:00\",\"breadcrumb\":{\"@id\":\"https:\/\/www.cjl-info.com\/?page_id=201#breadcrumb\"},\"inLanguage\":\"fr-FR\",\"potentialAction\":[{\"@type\":\"ReadAction\",\"target\":[\"https:\/\/www.cjl-info.com\/?page_id=201\"]}]},{\"@type\":\"BreadcrumbList\",\"@id\":\"https:\/\/www.cjl-info.com\/?page_id=201#breadcrumb\",\"itemListElement\":[{\"@type\":\"ListItem\",\"position\":1,\"name\":\"Accueil\",\"item\":\"https:\/\/www.cjl-info.com\/\"},{\"@type\":\"ListItem\",\"position\":2,\"name\":\"Cours et d\u00e9pannage Tarifs\"}]},{\"@type\":\"WebSite\",\"@id\":\"https:\/\/www.cjl-info.com\/#website\",\"url\":\"https:\/\/www.cjl-info.com\/\",\"name\":\"EIRL CJL-INFO\",\"description\":\"Pi\u00e8ces d\u00e9tach\u00e9es pour ordinateurs\",\"publisher\":{\"@id\":\"https:\/\/www.cjl-info.com\/#organization\"},\"alternateName\":\"Informaticien saint paul de vence Cagnes sur mer antibes saint laurent du var\",\"potentialAction\":[{\"@type\":\"SearchAction\",\"target\":{\"@type\":\"EntryPoint\",\"urlTemplate\":\"https:\/\/www.cjl-info.com\/?s={search_term_string}\"},\"query-input\":{\"@type\":\"PropertyValueSpecification\",\"valueRequired\":true,\"valueName\":\"search_term_string\"}}],\"inLanguage\":\"fr-FR\"},{\"@type\":\"Organization\",\"@id\":\"https:\/\/www.cjl-info.com\/#organization\",\"name\":\"CJL-INFO\",\"alternateName\":\"CJL-INFO Syst\u00e8mes et R\u00e9seaux Informatiques\",\"url\":\"https:\/\/www.cjl-info.com\/\",\"logo\":{\"@type\":\"ImageObject\",\"inLanguage\":\"fr-FR\",\"@id\":\"https:\/\/www.cjl-info.com\/#\/schema\/logo\/image\/\",\"url\":\"https:\/\/www.cjl-info.com\/wp-content\/uploads\/2023\/04\/cropped-cropped-cjl-info-1.jpg\",\"contentUrl\":\"https:\/\/www.cjl-info.com\/wp-content\/uploads\/2023\/04\/cropped-cropped-cjl-info-1.jpg\",\"width\":512,\"height\":510,\"caption\":\"CJL-INFO\"},\"image\":{\"@id\":\"https:\/\/www.cjl-info.com\/#\/schema\/logo\/image\/\"},\"sameAs\":[\"https:\/\/www.facebook.com\/people\/Cjl-info-systme-et-rseaux-informatique\/100067370149168\/\",\"https:\/\/x.com\/CJLINFO\"]}]}<\/script>\n<!-- \/ Yoast SEO plugin. -->","yoast_head_json":{"title":"Cours et d\u00e9pannage Tarifs - EIRL CJL-INFO","robots":{"index":"index","follow":"follow","max-snippet":"max-snippet:-1","max-image-preview":"max-image-preview:large","max-video-preview":"max-video-preview:-1"},"canonical":"https:\/\/www.cjl-info.com\/?page_id=201","og_locale":"fr_FR","og_type":"article","og_title":"Cours et d\u00e9pannage Tarifs - EIRL CJL-INFO","og_description":"Services \u00e0 la personne num\u00e9ro d\u2019agr\u00e9ment N\u00b0 : SAP850291808 Tarifs Assistance informatique \u00e0 domicile Prestations Tarifs Tarifs apr\u00e8s d\u00e9duction fiscale&hellip;","og_url":"https:\/\/www.cjl-info.com\/?page_id=201","og_site_name":"EIRL CJL-INFO","article_publisher":"https:\/\/www.facebook.com\/people\/Cjl-info-systme-et-rseaux-informatique\/100067370149168\/","article_modified_time":"2025-10-06T15:52:00+00:00","og_image":[{"width":430,"height":430,"url":"https:\/\/www.cjl-info.com\/wp-content\/uploads\/2023\/04\/cjl-info-1.jpg","type":"image\/jpeg"}],"twitter_card":"summary_large_image","twitter_site":"@CJLINFO","twitter_misc":{"Dur\u00e9e de lecture estim\u00e9e":"4 minutes"},"schema":{"@context":"https:\/\/schema.org","@graph":[{"@type":"WebPage","@id":"https:\/\/www.cjl-info.com\/?page_id=201","url":"https:\/\/www.cjl-info.com\/?page_id=201","name":"Cours et d\u00e9pannage Tarifs - EIRL CJL-INFO","isPartOf":{"@id":"https:\/\/www.cjl-info.com\/#website"},"datePublished":"2021-10-21T09:56:11+00:00","dateModified":"2025-10-06T15:52:00+00:00","breadcrumb":{"@id":"https:\/\/www.cjl-info.com\/?page_id=201#breadcrumb"},"inLanguage":"fr-FR","potentialAction":[{"@type":"ReadAction","target":["https:\/\/www.cjl-info.com\/?page_id=201"]}]},{"@type":"BreadcrumbList","@id":"https:\/\/www.cjl-info.com\/?page_id=201#breadcrumb","itemListElement":[{"@type":"ListItem","position":1,"name":"Accueil","item":"https:\/\/www.cjl-info.com\/"},{"@type":"ListItem","position":2,"name":"Cours et d\u00e9pannage Tarifs"}]},{"@type":"WebSite","@id":"https:\/\/www.cjl-info.com\/#website","url":"https:\/\/www.cjl-info.com\/","name":"EIRL CJL-INFO","description":"Pi\u00e8ces d\u00e9tach\u00e9es pour ordinateurs","publisher":{"@id":"https:\/\/www.cjl-info.com\/#organization"},"alternateName":"Informaticien saint paul de vence Cagnes sur mer antibes saint laurent du var","potentialAction":[{"@type":"SearchAction","target":{"@type":"EntryPoint","urlTemplate":"https:\/\/www.cjl-info.com\/?s={search_term_string}"},"query-input":{"@type":"PropertyValueSpecification","valueRequired":true,"valueName":"search_term_string"}}],"inLanguage":"fr-FR"},{"@type":"Organization","@id":"https:\/\/www.cjl-info.com\/#organization","name":"CJL-INFO","alternateName":"CJL-INFO Syst\u00e8mes et R\u00e9seaux Informatiques","url":"https:\/\/www.cjl-info.com\/","logo":{"@type":"ImageObject","inLanguage":"fr-FR","@id":"https:\/\/www.cjl-info.com\/#\/schema\/logo\/image\/","url":"https:\/\/www.cjl-info.com\/wp-content\/uploads\/2023\/04\/cropped-cropped-cjl-info-1.jpg","contentUrl":"https:\/\/www.cjl-info.com\/wp-content\/uploads\/2023\/04\/cropped-cropped-cjl-info-1.jpg","width":512,"height":510,"caption":"CJL-INFO"},"image":{"@id":"https:\/\/www.cjl-info.com\/#\/schema\/logo\/image\/"},"sameAs":["https:\/\/www.facebook.com\/people\/Cjl-info-systme-et-rseaux-informatique\/100067370149168\/","https:\/\/x.com\/CJLINFO"]}]}},"_links":{"self":[{"href":"https:\/\/www.cjl-info.com\/index.php?rest_route=\/wp\/v2\/pages\/201","targetHints":{"allow":["GET"]}}],"collection":[{"href":"https:\/\/www.cjl-info.com\/index.php?rest_route=\/wp\/v2\/pages"}],"about":[{"href":"https:\/\/www.cjl-info.com\/index.php?rest_route=\/wp\/v2\/types\/page"}],"author":[{"embeddable":true,"href":"https:\/\/www.cjl-info.com\/index.php?rest_route=\/wp\/v2\/users\/1"}],"replies":[{"embeddable":true,"href":"https:\/\/www.cjl-info.com\/index.php?rest_route=%2Fwp%2Fv2%2Fcomments&post=201"}],"version-history":[{"count":6,"href":"https:\/\/www.cjl-info.com\/index.php?rest_route=\/wp\/v2\/pages\/201\/revisions"}],"predecessor-version":[{"id":9179,"href":"https:\/\/www.cjl-info.com\/index.php?rest_route=\/wp\/v2\/pages\/201\/revisions\/9179"}],"wp:attachment":[{"href":"https:\/\/www.cjl-info.com\/index.php?rest_route=%2Fwp%2Fv2%2Fmedia&parent=201"}],"curies":[{"name":"wp","href":"https:\/\/api.w.org\/{rel}","templated":true}]}}