{"id":3012,"date":"2021-12-26T10:42:31","date_gmt":"2021-12-26T09:42:31","guid":{"rendered":"https:\/\/www.cjl-info.com\/?page_id=3012"},"modified":"2022-01-03T07:31:09","modified_gmt":"2022-01-03T06:31:09","slug":"quels-sont-les-differents-types-de-raccords-usb","status":"publish","type":"page","link":"https:\/\/www.cjl-info.com\/?page_id=3012","title":{"rendered":"Quels sont les diff\u00e9rents types de raccords USB ?"},"content":{"rendered":"\n<h2 class=\"wp-block-heading\">Quels sont les diff\u00e9rents types de raccords USB ?<\/h2>\n\n\n\n<h3 class=\"wp-block-heading\">USB2 Type A couleur noir, USB3 Type A couleur Bleu <\/h3>\n\n\n\n<ul class=\"wp-block-list\"><li>On les trouve g\u00e9n\u00e9ralement c\u00f4t\u00e9 h\u00f4te (PC, clavier, serveur, hub, c\u00e2bles et petits p\u00e9riph\u00e9riques)<\/li><li>Forme rectangulaire avec quatre broches en ligne<\/li><li>Raccord bleu facilement reconnaissable<\/li><\/ul>\n\n\n\n<figure class=\"wp-block-image size-full is-resized\"><img fetchpriority=\"high\" decoding=\"async\" src=\"https:\/\/www.cjl-info.com\/wp-content\/uploads\/2021\/12\/CU-Cable-micro-usb-3-vers-usb-3-0.50m-2-600-1.png\" alt=\"\" class=\"wp-image-3014\" width=\"232\" height=\"232\" srcset=\"https:\/\/www.cjl-info.com\/wp-content\/uploads\/2021\/12\/CU-Cable-micro-usb-3-vers-usb-3-0.50m-2-600-1.png 600w, https:\/\/www.cjl-info.com\/wp-content\/uploads\/2021\/12\/CU-Cable-micro-usb-3-vers-usb-3-0.50m-2-600-1-324x324.png 324w, https:\/\/www.cjl-info.com\/wp-content\/uploads\/2021\/12\/CU-Cable-micro-usb-3-vers-usb-3-0.50m-2-600-1-100x100.png 100w, https:\/\/www.cjl-info.com\/wp-content\/uploads\/2021\/12\/CU-Cable-micro-usb-3-vers-usb-3-0.50m-2-600-1-416x417.png 416w, https:\/\/www.cjl-info.com\/wp-content\/uploads\/2021\/12\/CU-Cable-micro-usb-3-vers-usb-3-0.50m-2-600-1-300x300.png 300w, https:\/\/www.cjl-info.com\/wp-content\/uploads\/2021\/12\/CU-Cable-micro-usb-3-vers-usb-3-0.50m-2-600-1-150x150.png 150w, https:\/\/www.cjl-info.com\/wp-content\/uploads\/2021\/12\/CU-Cable-micro-usb-3-vers-usb-3-0.50m-2-600-1-60x60.png 60w, https:\/\/www.cjl-info.com\/wp-content\/uploads\/2021\/12\/CU-Cable-micro-usb-3-vers-usb-3-0.50m-2-600-1-90x90.png 90w\" sizes=\"(max-width: 232px) 100vw, 232px\" \/><\/figure>\n\n\n\n<figure class=\"wp-block-image size-full is-resized\"><img decoding=\"async\" src=\"https:\/\/www.cjl-info.com\/wp-content\/uploads\/2021\/12\/Image-USB-A.png\" alt=\"\" class=\"wp-image-3013\" width=\"232\" height=\"152\" srcset=\"https:\/\/www.cjl-info.com\/wp-content\/uploads\/2021\/12\/Image-USB-A.png 507w, https:\/\/www.cjl-info.com\/wp-content\/uploads\/2021\/12\/Image-USB-A-416x273.png 416w, https:\/\/www.cjl-info.com\/wp-content\/uploads\/2021\/12\/Image-USB-A-300x197.png 300w, https:\/\/www.cjl-info.com\/wp-content\/uploads\/2021\/12\/Image-USB-A-91x60.png 91w, https:\/\/www.cjl-info.com\/wp-content\/uploads\/2021\/12\/Image-USB-A-137x90.png 137w\" sizes=\"(max-width: 232px) 100vw, 232px\" \/><\/figure>\n\n\n\n<h3 class=\"wp-block-heading\">USB3 Type B couleur Bleu, USB2 Type B couleur noir ou blanc <\/h3>\n\n\n\n<p><\/p>\n\n\n\n<ul class=\"wp-block-list\"><li>G\u00e9n\u00e9ralement utilis\u00e9 sur les p\u00e9riph\u00e9riques et autres appareils disposant d\u2019un c\u00e2ble d\u2019alimentation, comme les imprimantes<\/li><li>Format carr\u00e9 avec coins arrondis d\u2019un c\u00f4t\u00e9<\/li><li>Quatre broches, une dans chaque coin.<\/li><\/ul>\n\n\n\n<figure class=\"wp-block-image size-full is-resized\"><img decoding=\"async\" src=\"https:\/\/www.cjl-info.com\/wp-content\/uploads\/2021\/12\/Image-USB3-B.png\" alt=\"\" class=\"wp-image-3016\" width=\"220\" height=\"125\" srcset=\"https:\/\/www.cjl-info.com\/wp-content\/uploads\/2021\/12\/Image-USB3-B.png 441w, https:\/\/www.cjl-info.com\/wp-content\/uploads\/2021\/12\/Image-USB3-B-416x236.png 416w, https:\/\/www.cjl-info.com\/wp-content\/uploads\/2021\/12\/Image-USB3-B-300x170.png 300w, https:\/\/www.cjl-info.com\/wp-content\/uploads\/2021\/12\/Image-USB3-B-106x60.png 106w, https:\/\/www.cjl-info.com\/wp-content\/uploads\/2021\/12\/Image-USB3-B-159x90.png 159w\" sizes=\"(max-width: 220px) 100vw, 220px\" \/><\/figure>\n\n\n\n<figure class=\"wp-block-image size-full is-resized\"><img loading=\"lazy\" decoding=\"async\" src=\"https:\/\/www.cjl-info.com\/wp-content\/uploads\/2021\/12\/Image-USB-B.png\" alt=\"\" class=\"wp-image-3015\" width=\"214\" height=\"208\" srcset=\"https:\/\/www.cjl-info.com\/wp-content\/uploads\/2021\/12\/Image-USB-B.png 271w, https:\/\/www.cjl-info.com\/wp-content\/uploads\/2021\/12\/Image-USB-B-62x60.png 62w, https:\/\/www.cjl-info.com\/wp-content\/uploads\/2021\/12\/Image-USB-B-92x90.png 92w\" sizes=\"(max-width: 214px) 100vw, 214px\" \/><\/figure>\n\n\n\n<h3 class=\"wp-block-heading\">USB Mini Type B<\/h3>\n\n\n\n<ul class=\"wp-block-list\"><li>Forme rectangulaire avec cinq broches<\/li><li>G\u00e9n\u00e9ralement utilis\u00e9 sur les appareils photo et autres petits dispositifs<\/li><\/ul>\n\n\n\n<figure class=\"wp-block-image size-full\"><img loading=\"lazy\" decoding=\"async\" width=\"207\" height=\"253\" src=\"https:\/\/www.cjl-info.com\/wp-content\/uploads\/2021\/12\/Image-mini-USB-A.png\" alt=\"\" class=\"wp-image-3017\" srcset=\"https:\/\/www.cjl-info.com\/wp-content\/uploads\/2021\/12\/Image-mini-USB-A.png 207w, https:\/\/www.cjl-info.com\/wp-content\/uploads\/2021\/12\/Image-mini-USB-A-49x60.png 49w, https:\/\/www.cjl-info.com\/wp-content\/uploads\/2021\/12\/Image-mini-USB-A-74x90.png 74w\" sizes=\"(max-width: 207px) 100vw, 207px\" \/><figcaption>MINI USB2-B<\/figcaption><\/figure>\n\n\n\n<h3 class=\"wp-block-heading\">Micro Type-B avec c\u00e2ble 2.0<\/h3>\n\n\n\n<ul class=\"wp-block-list\"><li>Appareils mobiles et portables<\/li><li>Forme rectangulaire avec cinq broches de 500 mA<\/li><\/ul>\n\n\n\n<figure class=\"wp-block-image size-full is-resized\"><img loading=\"lazy\" decoding=\"async\" src=\"https:\/\/www.cjl-info.com\/wp-content\/uploads\/2021\/12\/Image-micro-USB-B-1.png\" alt=\"\" class=\"wp-image-3021\" width=\"207\" height=\"142\" srcset=\"https:\/\/www.cjl-info.com\/wp-content\/uploads\/2021\/12\/Image-micro-USB-B-1.png 395w, https:\/\/www.cjl-info.com\/wp-content\/uploads\/2021\/12\/Image-micro-USB-B-1-300x206.png 300w, https:\/\/www.cjl-info.com\/wp-content\/uploads\/2021\/12\/Image-micro-USB-B-1-87x60.png 87w, https:\/\/www.cjl-info.com\/wp-content\/uploads\/2021\/12\/Image-micro-USB-B-1-131x90.png 131w\" sizes=\"(max-width: 207px) 100vw, 207px\" \/><figcaption>Micro USB2-B<\/figcaption><\/figure>\n\n\n\n<h3 class=\"wp-block-heading\">USB Micro Type-B avec c\u00e2ble 3.1 Gen 1 (ou 3.0)<\/h3>\n\n\n\n<ul class=\"wp-block-list\"><li>Appareils mobiles et portables<\/li><li>Alimentation de 900 mA<\/li><\/ul>\n\n\n\n<figure class=\"wp-block-image size-full is-resized\"><img loading=\"lazy\" decoding=\"async\" src=\"https:\/\/www.cjl-info.com\/wp-content\/uploads\/2021\/12\/CU-Cable-micro-usb-3-vers-usb-C-2-600-1.png\" alt=\"\" class=\"wp-image-3020\" width=\"201\" height=\"193\" srcset=\"https:\/\/www.cjl-info.com\/wp-content\/uploads\/2021\/12\/CU-Cable-micro-usb-3-vers-usb-C-2-600-1.png 600w, https:\/\/www.cjl-info.com\/wp-content\/uploads\/2021\/12\/CU-Cable-micro-usb-3-vers-usb-C-2-600-1-416x399.png 416w, https:\/\/www.cjl-info.com\/wp-content\/uploads\/2021\/12\/CU-Cable-micro-usb-3-vers-usb-C-2-600-1-300x288.png 300w, https:\/\/www.cjl-info.com\/wp-content\/uploads\/2021\/12\/CU-Cable-micro-usb-3-vers-usb-C-2-600-1-63x60.png 63w, https:\/\/www.cjl-info.com\/wp-content\/uploads\/2021\/12\/CU-Cable-micro-usb-3-vers-usb-C-2-600-1-94x90.png 94w\" sizes=\"(max-width: 201px) 100vw, 201px\" \/><figcaption>Micro USB3-B<\/figcaption><\/figure>\n\n\n\n<h3 class=\"wp-block-heading\">USB Type C<\/h3>\n\n\n\n<ul class=\"wp-block-list\"><li>Compatible avec l\u2019h\u00f4te et le p\u00e9riph\u00e9rique. Les raccords sont les m\u00eames des deux c\u00f4t\u00e9s. Forme oblongue.<\/li><li>Compatible avec les modes altern\u00e9s pour le transfert de donn\u00e9es et autres \u00e0 travers le raccord et le c\u00e2ble<\/li><li>Peut-\u00eatre fix\u00e9 \u00e0 un n\u2019importe quel port. Le fonctionnement est d\u00e9fini par le mat\u00e9riel.<\/li><li>Prise r\u00e9versible (haut ou bas)<\/li><li>Port r\u00e9versible avec 24 broches. Fixation rapide et facile.<\/li><li>D\u00e9bit jusqu\u2019\u00e0 40 Go\/s sur quatre voies de 10 Go\/s chacune<\/li><li>Peut fournir ou consommer du courant et produire jusqu\u2019\u00e0 100 W<\/li><li>R\u00e9siste \u00e0 10 000 cycles.<\/li><li>R\u00e9trocompatible<\/li><\/ul>\n\n\n\n<figure class=\"wp-block-image size-full is-resized\"><img loading=\"lazy\" decoding=\"async\" src=\"https:\/\/www.cjl-info.com\/wp-content\/uploads\/2021\/12\/CU-Cable-micro-usb-3-vers-usb-C-3-600-1.png\" alt=\"\" class=\"wp-image-3022\" width=\"203\" height=\"206\" srcset=\"https:\/\/www.cjl-info.com\/wp-content\/uploads\/2021\/12\/CU-Cable-micro-usb-3-vers-usb-C-3-600-1.png 600w, https:\/\/www.cjl-info.com\/wp-content\/uploads\/2021\/12\/CU-Cable-micro-usb-3-vers-usb-C-3-600-1-100x100.png 100w, https:\/\/www.cjl-info.com\/wp-content\/uploads\/2021\/12\/CU-Cable-micro-usb-3-vers-usb-C-3-600-1-416x421.png 416w, https:\/\/www.cjl-info.com\/wp-content\/uploads\/2021\/12\/CU-Cable-micro-usb-3-vers-usb-C-3-600-1-297x300.png 297w, https:\/\/www.cjl-info.com\/wp-content\/uploads\/2021\/12\/CU-Cable-micro-usb-3-vers-usb-C-3-600-1-59x60.png 59w, https:\/\/www.cjl-info.com\/wp-content\/uploads\/2021\/12\/CU-Cable-micro-usb-3-vers-usb-C-3-600-1-89x90.png 89w\" sizes=\"(max-width: 203px) 100vw, 203px\" \/><\/figure>\n","protected":false},"excerpt":{"rendered":"<p>Quels sont les diff\u00e9rents types de raccords USB ? USB2 Type A couleur noir, USB3 Type A couleur Bleu On&hellip;<\/p>\n","protected":false},"author":1,"featured_media":0,"parent":0,"menu_order":0,"comment_status":"closed","ping_status":"closed","template":"","meta":{"footnotes":""},"class_list":["post-3012","page","type-page","status-publish","hentry"],"yoast_head":"<!-- This site is optimized with the Yoast SEO plugin v27.0 - https:\/\/yoast.com\/product\/yoast-seo-wordpress\/ -->\n<title>Quels sont les diff\u00e9rents types de raccords USB ? - EIRL CJL-INFO<\/title>\n<meta name=\"robots\" content=\"index, follow, max-snippet:-1, max-image-preview:large, max-video-preview:-1\" \/>\n<link rel=\"canonical\" href=\"https:\/\/www.cjl-info.com\/?page_id=3012\" \/>\n<meta property=\"og:locale\" content=\"fr_FR\" \/>\n<meta property=\"og:type\" content=\"article\" \/>\n<meta property=\"og:title\" content=\"Quels sont les diff\u00e9rents types de raccords USB ? - EIRL CJL-INFO\" \/>\n<meta property=\"og:description\" content=\"Quels sont les diff\u00e9rents types de raccords USB ? USB2 Type A couleur noir, USB3 Type A couleur Bleu On&hellip;\" \/>\n<meta property=\"og:url\" content=\"https:\/\/www.cjl-info.com\/?page_id=3012\" \/>\n<meta property=\"og:site_name\" content=\"EIRL CJL-INFO\" \/>\n<meta property=\"article:publisher\" content=\"https:\/\/www.facebook.com\/people\/Cjl-info-systme-et-rseaux-informatique\/100067370149168\/\" \/>\n<meta property=\"article:modified_time\" content=\"2022-01-03T06:31:09+00:00\" \/>\n<meta property=\"og:image\" content=\"https:\/\/www.cjl-info.com\/wp-content\/uploads\/2021\/12\/CU-Cable-micro-usb-3-vers-usb-3-0.50m-2-600-1.png\" \/>\n<meta name=\"twitter:card\" content=\"summary_large_image\" \/>\n<meta name=\"twitter:site\" content=\"@CJLINFO\" \/>\n<meta name=\"twitter:label1\" content=\"Dur\u00e9e de lecture estim\u00e9e\" \/>\n\t<meta name=\"twitter:data1\" content=\"1 minute\" \/>\n<script type=\"application\/ld+json\" class=\"yoast-schema-graph\">{\"@context\":\"https:\/\/schema.org\",\"@graph\":[{\"@type\":\"WebPage\",\"@id\":\"https:\/\/www.cjl-info.com\/?page_id=3012\",\"url\":\"https:\/\/www.cjl-info.com\/?page_id=3012\",\"name\":\"Quels sont les diff\u00e9rents types de raccords USB ? - EIRL CJL-INFO\",\"isPartOf\":{\"@id\":\"https:\/\/www.cjl-info.com\/#website\"},\"primaryImageOfPage\":{\"@id\":\"https:\/\/www.cjl-info.com\/?page_id=3012#primaryimage\"},\"image\":{\"@id\":\"https:\/\/www.cjl-info.com\/?page_id=3012#primaryimage\"},\"thumbnailUrl\":\"https:\/\/www.cjl-info.com\/wp-content\/uploads\/2021\/12\/CU-Cable-micro-usb-3-vers-usb-3-0.50m-2-600-1.png\",\"datePublished\":\"2021-12-26T09:42:31+00:00\",\"dateModified\":\"2022-01-03T06:31:09+00:00\",\"breadcrumb\":{\"@id\":\"https:\/\/www.cjl-info.com\/?page_id=3012#breadcrumb\"},\"inLanguage\":\"fr-FR\",\"potentialAction\":[{\"@type\":\"ReadAction\",\"target\":[\"https:\/\/www.cjl-info.com\/?page_id=3012\"]}]},{\"@type\":\"ImageObject\",\"inLanguage\":\"fr-FR\",\"@id\":\"https:\/\/www.cjl-info.com\/?page_id=3012#primaryimage\",\"url\":\"https:\/\/www.cjl-info.com\/wp-content\/uploads\/2021\/12\/CU-Cable-micro-usb-3-vers-usb-3-0.50m-2-600-1.png\",\"contentUrl\":\"https:\/\/www.cjl-info.com\/wp-content\/uploads\/2021\/12\/CU-Cable-micro-usb-3-vers-usb-3-0.50m-2-600-1.png\",\"width\":600,\"height\":601},{\"@type\":\"BreadcrumbList\",\"@id\":\"https:\/\/www.cjl-info.com\/?page_id=3012#breadcrumb\",\"itemListElement\":[{\"@type\":\"ListItem\",\"position\":1,\"name\":\"Accueil\",\"item\":\"https:\/\/www.cjl-info.com\/\"},{\"@type\":\"ListItem\",\"position\":2,\"name\":\"Quels sont les diff\u00e9rents types de raccords USB ?\"}]},{\"@type\":\"WebSite\",\"@id\":\"https:\/\/www.cjl-info.com\/#website\",\"url\":\"https:\/\/www.cjl-info.com\/\",\"name\":\"EIRL CJL-INFO\",\"description\":\"Pi\u00e8ces d\u00e9tach\u00e9es pour ordinateurs\",\"publisher\":{\"@id\":\"https:\/\/www.cjl-info.com\/#organization\"},\"alternateName\":\"Informaticien saint paul de vence Cagnes sur mer antibes saint laurent du var\",\"potentialAction\":[{\"@type\":\"SearchAction\",\"target\":{\"@type\":\"EntryPoint\",\"urlTemplate\":\"https:\/\/www.cjl-info.com\/?s={search_term_string}\"},\"query-input\":{\"@type\":\"PropertyValueSpecification\",\"valueRequired\":true,\"valueName\":\"search_term_string\"}}],\"inLanguage\":\"fr-FR\"},{\"@type\":\"Organization\",\"@id\":\"https:\/\/www.cjl-info.com\/#organization\",\"name\":\"CJL-INFO\",\"alternateName\":\"CJL-INFO Syst\u00e8mes et R\u00e9seaux Informatiques\",\"url\":\"https:\/\/www.cjl-info.com\/\",\"logo\":{\"@type\":\"ImageObject\",\"inLanguage\":\"fr-FR\",\"@id\":\"https:\/\/www.cjl-info.com\/#\/schema\/logo\/image\/\",\"url\":\"https:\/\/www.cjl-info.com\/wp-content\/uploads\/2023\/04\/cropped-cropped-cjl-info-1.jpg\",\"contentUrl\":\"https:\/\/www.cjl-info.com\/wp-content\/uploads\/2023\/04\/cropped-cropped-cjl-info-1.jpg\",\"width\":512,\"height\":510,\"caption\":\"CJL-INFO\"},\"image\":{\"@id\":\"https:\/\/www.cjl-info.com\/#\/schema\/logo\/image\/\"},\"sameAs\":[\"https:\/\/www.facebook.com\/people\/Cjl-info-systme-et-rseaux-informatique\/100067370149168\/\",\"https:\/\/x.com\/CJLINFO\"]}]}<\/script>\n<!-- \/ Yoast SEO plugin. -->","yoast_head_json":{"title":"Quels sont les diff\u00e9rents types de raccords USB ? - EIRL CJL-INFO","robots":{"index":"index","follow":"follow","max-snippet":"max-snippet:-1","max-image-preview":"max-image-preview:large","max-video-preview":"max-video-preview:-1"},"canonical":"https:\/\/www.cjl-info.com\/?page_id=3012","og_locale":"fr_FR","og_type":"article","og_title":"Quels sont les diff\u00e9rents types de raccords USB ? - EIRL CJL-INFO","og_description":"Quels sont les diff\u00e9rents types de raccords USB ? USB2 Type A couleur noir, USB3 Type A couleur Bleu On&hellip;","og_url":"https:\/\/www.cjl-info.com\/?page_id=3012","og_site_name":"EIRL CJL-INFO","article_publisher":"https:\/\/www.facebook.com\/people\/Cjl-info-systme-et-rseaux-informatique\/100067370149168\/","article_modified_time":"2022-01-03T06:31:09+00:00","og_image":[{"url":"https:\/\/www.cjl-info.com\/wp-content\/uploads\/2021\/12\/CU-Cable-micro-usb-3-vers-usb-3-0.50m-2-600-1.png","type":"","width":"","height":""}],"twitter_card":"summary_large_image","twitter_site":"@CJLINFO","twitter_misc":{"Dur\u00e9e de lecture estim\u00e9e":"1 minute"},"schema":{"@context":"https:\/\/schema.org","@graph":[{"@type":"WebPage","@id":"https:\/\/www.cjl-info.com\/?page_id=3012","url":"https:\/\/www.cjl-info.com\/?page_id=3012","name":"Quels sont les diff\u00e9rents types de raccords USB ? - EIRL CJL-INFO","isPartOf":{"@id":"https:\/\/www.cjl-info.com\/#website"},"primaryImageOfPage":{"@id":"https:\/\/www.cjl-info.com\/?page_id=3012#primaryimage"},"image":{"@id":"https:\/\/www.cjl-info.com\/?page_id=3012#primaryimage"},"thumbnailUrl":"https:\/\/www.cjl-info.com\/wp-content\/uploads\/2021\/12\/CU-Cable-micro-usb-3-vers-usb-3-0.50m-2-600-1.png","datePublished":"2021-12-26T09:42:31+00:00","dateModified":"2022-01-03T06:31:09+00:00","breadcrumb":{"@id":"https:\/\/www.cjl-info.com\/?page_id=3012#breadcrumb"},"inLanguage":"fr-FR","potentialAction":[{"@type":"ReadAction","target":["https:\/\/www.cjl-info.com\/?page_id=3012"]}]},{"@type":"ImageObject","inLanguage":"fr-FR","@id":"https:\/\/www.cjl-info.com\/?page_id=3012#primaryimage","url":"https:\/\/www.cjl-info.com\/wp-content\/uploads\/2021\/12\/CU-Cable-micro-usb-3-vers-usb-3-0.50m-2-600-1.png","contentUrl":"https:\/\/www.cjl-info.com\/wp-content\/uploads\/2021\/12\/CU-Cable-micro-usb-3-vers-usb-3-0.50m-2-600-1.png","width":600,"height":601},{"@type":"BreadcrumbList","@id":"https:\/\/www.cjl-info.com\/?page_id=3012#breadcrumb","itemListElement":[{"@type":"ListItem","position":1,"name":"Accueil","item":"https:\/\/www.cjl-info.com\/"},{"@type":"ListItem","position":2,"name":"Quels sont les diff\u00e9rents types de raccords USB ?"}]},{"@type":"WebSite","@id":"https:\/\/www.cjl-info.com\/#website","url":"https:\/\/www.cjl-info.com\/","name":"EIRL CJL-INFO","description":"Pi\u00e8ces d\u00e9tach\u00e9es pour ordinateurs","publisher":{"@id":"https:\/\/www.cjl-info.com\/#organization"},"alternateName":"Informaticien saint paul de vence Cagnes sur mer antibes saint laurent du var","potentialAction":[{"@type":"SearchAction","target":{"@type":"EntryPoint","urlTemplate":"https:\/\/www.cjl-info.com\/?s={search_term_string}"},"query-input":{"@type":"PropertyValueSpecification","valueRequired":true,"valueName":"search_term_string"}}],"inLanguage":"fr-FR"},{"@type":"Organization","@id":"https:\/\/www.cjl-info.com\/#organization","name":"CJL-INFO","alternateName":"CJL-INFO Syst\u00e8mes et R\u00e9seaux Informatiques","url":"https:\/\/www.cjl-info.com\/","logo":{"@type":"ImageObject","inLanguage":"fr-FR","@id":"https:\/\/www.cjl-info.com\/#\/schema\/logo\/image\/","url":"https:\/\/www.cjl-info.com\/wp-content\/uploads\/2023\/04\/cropped-cropped-cjl-info-1.jpg","contentUrl":"https:\/\/www.cjl-info.com\/wp-content\/uploads\/2023\/04\/cropped-cropped-cjl-info-1.jpg","width":512,"height":510,"caption":"CJL-INFO"},"image":{"@id":"https:\/\/www.cjl-info.com\/#\/schema\/logo\/image\/"},"sameAs":["https:\/\/www.facebook.com\/people\/Cjl-info-systme-et-rseaux-informatique\/100067370149168\/","https:\/\/x.com\/CJLINFO"]}]}},"_links":{"self":[{"href":"https:\/\/www.cjl-info.com\/index.php?rest_route=\/wp\/v2\/pages\/3012","targetHints":{"allow":["GET"]}}],"collection":[{"href":"https:\/\/www.cjl-info.com\/index.php?rest_route=\/wp\/v2\/pages"}],"about":[{"href":"https:\/\/www.cjl-info.com\/index.php?rest_route=\/wp\/v2\/types\/page"}],"author":[{"embeddable":true,"href":"https:\/\/www.cjl-info.com\/index.php?rest_route=\/wp\/v2\/users\/1"}],"replies":[{"embeddable":true,"href":"https:\/\/www.cjl-info.com\/index.php?rest_route=%2Fwp%2Fv2%2Fcomments&post=3012"}],"version-history":[{"count":3,"href":"https:\/\/www.cjl-info.com\/index.php?rest_route=\/wp\/v2\/pages\/3012\/revisions"}],"predecessor-version":[{"id":3507,"href":"https:\/\/www.cjl-info.com\/index.php?rest_route=\/wp\/v2\/pages\/3012\/revisions\/3507"}],"wp:attachment":[{"href":"https:\/\/www.cjl-info.com\/index.php?rest_route=%2Fwp%2Fv2%2Fmedia&parent=3012"}],"curies":[{"name":"wp","href":"https:\/\/api.w.org\/{rel}","templated":true}]}}