{"id":1169,"date":"2021-11-21T11:33:32","date_gmt":"2021-11-21T10:33:32","guid":{"rendered":"https:\/\/www.cjl-info.com\/?post_type=product&#038;p=1169"},"modified":"2021-11-21T11:41:10","modified_gmt":"2021-11-21T10:41:10","slug":"adaptateur-1-x-molex-4-broches-vers-2-x-molex-4-broches-neuf","status":"publish","type":"product","link":"https:\/\/www.cjl-info.com\/?product=adaptateur-1-x-molex-4-broches-vers-2-x-molex-4-broches-neuf","title":{"rendered":"Adaptateur 1 X Molex 4 broches vers 2 X Molex  4 broches (neuf)"},"content":{"rendered":"<p>Adaptateur 1 X Molex 4 broches vers 2 X Molex 4 broches (neuf)<\/p>\n","protected":false},"excerpt":{"rendered":"<p>Adaptateur 1 X Molex 4 broches vers 2 X Molex 4 broches (neuf)<\/p>\n","protected":false},"featured_media":1171,"comment_status":"closed","ping_status":"closed","template":"","meta":[],"product_brand":[],"product_cat":[167],"product_tag":[],"class_list":{"0":"post-1169","1":"product","2":"type-product","3":"status-publish","4":"has-post-thumbnail","6":"product_cat-adaptateurs-divers-pour-alimentation-pc-fixe","7":"product_shipping_class-fraix-livraison-moins-de-100-grammes","9":"first","10":"instock","11":"purchasable","12":"product-type-simple"},"yoast_head":"<!-- This site is optimized with the Yoast SEO plugin v27.0 - https:\/\/yoast.com\/product\/yoast-seo-wordpress\/ -->\n<title>Adaptateur 1 X Molex 4 broches vers 2 X Molex 4 broches (neuf) - EIRL CJL-INFO<\/title>\n<meta name=\"description\" content=\"Pi\u00e8ces d\u00e9tach\u00e9es pour ordinateurs - EIRL CJL-INFO -\" \/>\n<meta name=\"robots\" content=\"index, follow, max-snippet:-1, max-image-preview:large, max-video-preview:-1\" \/>\n<link rel=\"canonical\" href=\"https:\/\/www.cjl-info.com\/?product=adaptateur-1-x-molex-4-broches-vers-2-x-molex-4-broches-neuf\" \/>\n<meta property=\"og:locale\" content=\"fr_FR\" \/>\n<meta property=\"og:type\" content=\"article\" \/>\n<meta property=\"og:title\" content=\"Adaptateur 1 X Molex 4 broches vers 2 X Molex 4 broches (neuf) - EIRL CJL-INFO\" \/>\n<meta property=\"og:description\" content=\"Pi\u00e8ces d\u00e9tach\u00e9es pour ordinateurs - EIRL CJL-INFO -\" \/>\n<meta property=\"og:url\" content=\"https:\/\/www.cjl-info.com\/?product=adaptateur-1-x-molex-4-broches-vers-2-x-molex-4-broches-neuf\" \/>\n<meta property=\"og:site_name\" content=\"EIRL CJL-INFO\" \/>\n<meta property=\"article:publisher\" content=\"https:\/\/www.facebook.com\/people\/Cjl-info-systme-et-rseaux-informatique\/100067370149168\/\" \/>\n<meta property=\"article:modified_time\" content=\"2021-11-21T10:41:10+00:00\" \/>\n<meta property=\"og:image\" content=\"https:\/\/www.cjl-info.com\/wp-content\/uploads\/2021\/11\/Adaptateur-1-X-Molex-4-broches-vers-2-X-Molex-4-broches-1-600-300.png\" \/>\n\t<meta property=\"og:image:width\" content=\"300\" \/>\n\t<meta property=\"og:image:height\" content=\"255\" \/>\n\t<meta property=\"og:image:type\" content=\"image\/png\" \/>\n<meta name=\"twitter:card\" content=\"summary_large_image\" \/>\n<meta name=\"twitter:site\" content=\"@CJLINFO\" \/>\n<script type=\"application\/ld+json\" class=\"yoast-schema-graph\">{\"@context\":\"https:\/\/schema.org\",\"@graph\":[{\"@type\":\"WebPage\",\"@id\":\"https:\/\/www.cjl-info.com\/?product=adaptateur-1-x-molex-4-broches-vers-2-x-molex-4-broches-neuf\",\"url\":\"https:\/\/www.cjl-info.com\/?product=adaptateur-1-x-molex-4-broches-vers-2-x-molex-4-broches-neuf\",\"name\":\"Adaptateur 1 X Molex 4 broches vers 2 X Molex 4 broches (neuf) - EIRL CJL-INFO\",\"isPartOf\":{\"@id\":\"https:\/\/www.cjl-info.com\/#website\"},\"primaryImageOfPage\":{\"@id\":\"https:\/\/www.cjl-info.com\/?product=adaptateur-1-x-molex-4-broches-vers-2-x-molex-4-broches-neuf#primaryimage\"},\"image\":{\"@id\":\"https:\/\/www.cjl-info.com\/?product=adaptateur-1-x-molex-4-broches-vers-2-x-molex-4-broches-neuf#primaryimage\"},\"thumbnailUrl\":\"https:\/\/www.cjl-info.com\/wp-content\/uploads\/2021\/11\/Adaptateur-1-X-Molex-4-broches-vers-2-X-Molex-4-broches-1-600-300.png\",\"datePublished\":\"2021-11-21T10:33:32+00:00\",\"dateModified\":\"2021-11-21T10:41:10+00:00\",\"description\":\"Pi\u00e8ces d\u00e9tach\u00e9es pour ordinateurs - EIRL CJL-INFO -\",\"breadcrumb\":{\"@id\":\"https:\/\/www.cjl-info.com\/?product=adaptateur-1-x-molex-4-broches-vers-2-x-molex-4-broches-neuf#breadcrumb\"},\"inLanguage\":\"fr-FR\",\"potentialAction\":[{\"@type\":\"ReadAction\",\"target\":[\"https:\/\/www.cjl-info.com\/?product=adaptateur-1-x-molex-4-broches-vers-2-x-molex-4-broches-neuf\"]}]},{\"@type\":\"ImageObject\",\"inLanguage\":\"fr-FR\",\"@id\":\"https:\/\/www.cjl-info.com\/?product=adaptateur-1-x-molex-4-broches-vers-2-x-molex-4-broches-neuf#primaryimage\",\"url\":\"https:\/\/www.cjl-info.com\/wp-content\/uploads\/2021\/11\/Adaptateur-1-X-Molex-4-broches-vers-2-X-Molex-4-broches-1-600-300.png\",\"contentUrl\":\"https:\/\/www.cjl-info.com\/wp-content\/uploads\/2021\/11\/Adaptateur-1-X-Molex-4-broches-vers-2-X-Molex-4-broches-1-600-300.png\",\"width\":300,\"height\":255},{\"@type\":\"BreadcrumbList\",\"@id\":\"https:\/\/www.cjl-info.com\/?product=adaptateur-1-x-molex-4-broches-vers-2-x-molex-4-broches-neuf#breadcrumb\",\"itemListElement\":[{\"@type\":\"ListItem\",\"position\":1,\"name\":\"Accueil\",\"item\":\"https:\/\/www.cjl-info.com\/\"},{\"@type\":\"ListItem\",\"position\":2,\"name\":\"Boutique\",\"item\":\"https:\/\/www.cjl-info.com\/\"},{\"@type\":\"ListItem\",\"position\":3,\"name\":\"Adaptateur 1 X Molex 4 broches vers 2 X Molex 4 broches (neuf)\"}]},{\"@type\":\"WebSite\",\"@id\":\"https:\/\/www.cjl-info.com\/#website\",\"url\":\"https:\/\/www.cjl-info.com\/\",\"name\":\"EIRL CJL-INFO\",\"description\":\"Pi\u00e8ces d\u00e9tach\u00e9es pour ordinateurs\",\"publisher\":{\"@id\":\"https:\/\/www.cjl-info.com\/#organization\"},\"alternateName\":\"Informaticien saint paul de vence Cagnes sur mer antibes saint laurent du var\",\"potentialAction\":[{\"@type\":\"SearchAction\",\"target\":{\"@type\":\"EntryPoint\",\"urlTemplate\":\"https:\/\/www.cjl-info.com\/?s={search_term_string}\"},\"query-input\":{\"@type\":\"PropertyValueSpecification\",\"valueRequired\":true,\"valueName\":\"search_term_string\"}}],\"inLanguage\":\"fr-FR\"},{\"@type\":\"Organization\",\"@id\":\"https:\/\/www.cjl-info.com\/#organization\",\"name\":\"CJL-INFO\",\"alternateName\":\"CJL-INFO Syst\u00e8mes et R\u00e9seaux Informatiques\",\"url\":\"https:\/\/www.cjl-info.com\/\",\"logo\":{\"@type\":\"ImageObject\",\"inLanguage\":\"fr-FR\",\"@id\":\"https:\/\/www.cjl-info.com\/#\/schema\/logo\/image\/\",\"url\":\"https:\/\/www.cjl-info.com\/wp-content\/uploads\/2023\/04\/cropped-cropped-cjl-info-1.jpg\",\"contentUrl\":\"https:\/\/www.cjl-info.com\/wp-content\/uploads\/2023\/04\/cropped-cropped-cjl-info-1.jpg\",\"width\":512,\"height\":510,\"caption\":\"CJL-INFO\"},\"image\":{\"@id\":\"https:\/\/www.cjl-info.com\/#\/schema\/logo\/image\/\"},\"sameAs\":[\"https:\/\/www.facebook.com\/people\/Cjl-info-systme-et-rseaux-informatique\/100067370149168\/\",\"https:\/\/x.com\/CJLINFO\"]}]}<\/script>\n<!-- \/ Yoast SEO plugin. -->","yoast_head_json":{"title":"Adaptateur 1 X Molex 4 broches vers 2 X Molex 4 broches (neuf) - EIRL CJL-INFO","description":"Pi\u00e8ces d\u00e9tach\u00e9es pour ordinateurs - EIRL CJL-INFO -","robots":{"index":"index","follow":"follow","max-snippet":"max-snippet:-1","max-image-preview":"max-image-preview:large","max-video-preview":"max-video-preview:-1"},"canonical":"https:\/\/www.cjl-info.com\/?product=adaptateur-1-x-molex-4-broches-vers-2-x-molex-4-broches-neuf","og_locale":"fr_FR","og_type":"article","og_title":"Adaptateur 1 X Molex 4 broches vers 2 X Molex 4 broches (neuf) - EIRL CJL-INFO","og_description":"Pi\u00e8ces d\u00e9tach\u00e9es pour ordinateurs - EIRL CJL-INFO -","og_url":"https:\/\/www.cjl-info.com\/?product=adaptateur-1-x-molex-4-broches-vers-2-x-molex-4-broches-neuf","og_site_name":"EIRL CJL-INFO","article_publisher":"https:\/\/www.facebook.com\/people\/Cjl-info-systme-et-rseaux-informatique\/100067370149168\/","article_modified_time":"2021-11-21T10:41:10+00:00","og_image":[{"width":300,"height":255,"url":"https:\/\/www.cjl-info.com\/wp-content\/uploads\/2021\/11\/Adaptateur-1-X-Molex-4-broches-vers-2-X-Molex-4-broches-1-600-300.png","type":"image\/png"}],"twitter_card":"summary_large_image","twitter_site":"@CJLINFO","schema":{"@context":"https:\/\/schema.org","@graph":[{"@type":"WebPage","@id":"https:\/\/www.cjl-info.com\/?product=adaptateur-1-x-molex-4-broches-vers-2-x-molex-4-broches-neuf","url":"https:\/\/www.cjl-info.com\/?product=adaptateur-1-x-molex-4-broches-vers-2-x-molex-4-broches-neuf","name":"Adaptateur 1 X Molex 4 broches vers 2 X Molex 4 broches (neuf) - EIRL CJL-INFO","isPartOf":{"@id":"https:\/\/www.cjl-info.com\/#website"},"primaryImageOfPage":{"@id":"https:\/\/www.cjl-info.com\/?product=adaptateur-1-x-molex-4-broches-vers-2-x-molex-4-broches-neuf#primaryimage"},"image":{"@id":"https:\/\/www.cjl-info.com\/?product=adaptateur-1-x-molex-4-broches-vers-2-x-molex-4-broches-neuf#primaryimage"},"thumbnailUrl":"https:\/\/www.cjl-info.com\/wp-content\/uploads\/2021\/11\/Adaptateur-1-X-Molex-4-broches-vers-2-X-Molex-4-broches-1-600-300.png","datePublished":"2021-11-21T10:33:32+00:00","dateModified":"2021-11-21T10:41:10+00:00","description":"Pi\u00e8ces d\u00e9tach\u00e9es pour ordinateurs - EIRL CJL-INFO -","breadcrumb":{"@id":"https:\/\/www.cjl-info.com\/?product=adaptateur-1-x-molex-4-broches-vers-2-x-molex-4-broches-neuf#breadcrumb"},"inLanguage":"fr-FR","potentialAction":[{"@type":"ReadAction","target":["https:\/\/www.cjl-info.com\/?product=adaptateur-1-x-molex-4-broches-vers-2-x-molex-4-broches-neuf"]}]},{"@type":"ImageObject","inLanguage":"fr-FR","@id":"https:\/\/www.cjl-info.com\/?product=adaptateur-1-x-molex-4-broches-vers-2-x-molex-4-broches-neuf#primaryimage","url":"https:\/\/www.cjl-info.com\/wp-content\/uploads\/2021\/11\/Adaptateur-1-X-Molex-4-broches-vers-2-X-Molex-4-broches-1-600-300.png","contentUrl":"https:\/\/www.cjl-info.com\/wp-content\/uploads\/2021\/11\/Adaptateur-1-X-Molex-4-broches-vers-2-X-Molex-4-broches-1-600-300.png","width":300,"height":255},{"@type":"BreadcrumbList","@id":"https:\/\/www.cjl-info.com\/?product=adaptateur-1-x-molex-4-broches-vers-2-x-molex-4-broches-neuf#breadcrumb","itemListElement":[{"@type":"ListItem","position":1,"name":"Accueil","item":"https:\/\/www.cjl-info.com\/"},{"@type":"ListItem","position":2,"name":"Boutique","item":"https:\/\/www.cjl-info.com\/"},{"@type":"ListItem","position":3,"name":"Adaptateur 1 X Molex 4 broches vers 2 X Molex 4 broches (neuf)"}]},{"@type":"WebSite","@id":"https:\/\/www.cjl-info.com\/#website","url":"https:\/\/www.cjl-info.com\/","name":"EIRL CJL-INFO","description":"Pi\u00e8ces d\u00e9tach\u00e9es pour ordinateurs","publisher":{"@id":"https:\/\/www.cjl-info.com\/#organization"},"alternateName":"Informaticien saint paul de vence Cagnes sur mer antibes saint laurent du var","potentialAction":[{"@type":"SearchAction","target":{"@type":"EntryPoint","urlTemplate":"https:\/\/www.cjl-info.com\/?s={search_term_string}"},"query-input":{"@type":"PropertyValueSpecification","valueRequired":true,"valueName":"search_term_string"}}],"inLanguage":"fr-FR"},{"@type":"Organization","@id":"https:\/\/www.cjl-info.com\/#organization","name":"CJL-INFO","alternateName":"CJL-INFO Syst\u00e8mes et R\u00e9seaux Informatiques","url":"https:\/\/www.cjl-info.com\/","logo":{"@type":"ImageObject","inLanguage":"fr-FR","@id":"https:\/\/www.cjl-info.com\/#\/schema\/logo\/image\/","url":"https:\/\/www.cjl-info.com\/wp-content\/uploads\/2023\/04\/cropped-cropped-cjl-info-1.jpg","contentUrl":"https:\/\/www.cjl-info.com\/wp-content\/uploads\/2023\/04\/cropped-cropped-cjl-info-1.jpg","width":512,"height":510,"caption":"CJL-INFO"},"image":{"@id":"https:\/\/www.cjl-info.com\/#\/schema\/logo\/image\/"},"sameAs":["https:\/\/www.facebook.com\/people\/Cjl-info-systme-et-rseaux-informatique\/100067370149168\/","https:\/\/x.com\/CJLINFO"]}]}},"_links":{"self":[{"href":"https:\/\/www.cjl-info.com\/index.php?rest_route=\/wp\/v2\/product\/1169","targetHints":{"allow":["GET"]}}],"collection":[{"href":"https:\/\/www.cjl-info.com\/index.php?rest_route=\/wp\/v2\/product"}],"about":[{"href":"https:\/\/www.cjl-info.com\/index.php?rest_route=\/wp\/v2\/types\/product"}],"replies":[{"embeddable":true,"href":"https:\/\/www.cjl-info.com\/index.php?rest_route=%2Fwp%2Fv2%2Fcomments&post=1169"}],"version-history":[{"count":0,"href":"https:\/\/www.cjl-info.com\/index.php?rest_route=\/wp\/v2\/product\/1169\/revisions"}],"wp:featuredmedia":[{"embeddable":true,"href":"https:\/\/www.cjl-info.com\/index.php?rest_route=\/wp\/v2\/media\/1171"}],"wp:attachment":[{"href":"https:\/\/www.cjl-info.com\/index.php?rest_route=%2Fwp%2Fv2%2Fmedia&parent=1169"}],"wp:term":[{"taxonomy":"product_brand","embeddable":true,"href":"https:\/\/www.cjl-info.com\/index.php?rest_route=%2Fwp%2Fv2%2Fproduct_brand&post=1169"},{"taxonomy":"product_cat","embeddable":true,"href":"https:\/\/www.cjl-info.com\/index.php?rest_route=%2Fwp%2Fv2%2Fproduct_cat&post=1169"},{"taxonomy":"product_tag","embeddable":true,"href":"https:\/\/www.cjl-info.com\/index.php?rest_route=%2Fwp%2Fv2%2Fproduct_tag&post=1169"}],"curies":[{"name":"wp","href":"https:\/\/api.w.org\/{rel}","templated":true}]}}