{"id":142,"date":"2021-02-21T10:54:44","date_gmt":"2021-02-21T09:54:44","guid":{"rendered":"http:\/\/www.cjl-info.com\/?post_type=product&#038;p=142"},"modified":"2023-01-11T09:01:16","modified_gmt":"2023-01-11T08:01:16","slug":"chargeur-originale-dell-pa12-da65nm111-00","status":"publish","type":"product","link":"https:\/\/www.cjl-info.com\/?product=chargeur-originale-dell-pa12-da65nm111-00","title":{"rendered":"chargeur Originale Dell PA12 DA65NM111-00"},"content":{"rendered":"<p>DELL PA-12 19.5V 3.34A 65W Chargeur Adaptateur secteur<\/p>\n<p><strong>Mod\u00e8les d\u2019ordinateurs portables compatibles:<\/strong><br \/>\n<span class=\"a-list-item\">N4010 N5010 Inspiron 15R (N5110) 17R (N7110) M5110 Latitude E4200 E4300 E4310 E4310 N-Series E5400 E5410 E5410 N-Series Precision M2400 M4400 M4500 M6300 M60 M70 M90 Studio1735173717451747 1749 e6410171545 e5430 e5530 e5550 d630 e7250 5480 7480 5520 m301lz 3350 1720 v131 3560 3360 3460 3700 v130<\/span><\/p>\n<p><strong>Taille:<\/strong> 1,95 \u00ab\u00a0x 4,5\u2033 x 1,14 \u00a0\u00bb<br \/>\n<strong>Sortie max:<\/strong> 19.5V 3,34A<br \/>\n<strong>Puissance fournie:<\/strong> 65 watts<br \/>\n<strong>\u00c9tat:<\/strong> Tr\u00e8s bon \u00e9tat<\/p>\n<p>DA65NM111-00 \/ N6M8J<\/p>\n<p>Embout Rond PA-12<\/p>\n<p><span class=\"a-list-item\">\u00a0<\/span><\/p>\n","protected":false},"excerpt":{"rendered":"<p>DELL PA-12 19.5V 3.34A 65W Chargeur Adaptateur secteur Mod\u00e8les d\u2019ordinateurs portables compatibles: N4010 N5010 Inspiron 15R (N5110) 17R (N7110) M5110&hellip;<\/p>\n","protected":false},"featured_media":145,"comment_status":"open","ping_status":"closed","template":"","meta":[],"product_brand":[],"product_cat":[58,202],"product_tag":[],"class_list":{"0":"post-142","1":"product","2":"type-product","3":"status-publish","4":"has-post-thumbnail","6":"product_cat-chargeurs-pour-ordinateurs-portable-dell","7":"product_cat-chargeurs-pour-ordinateurs-portable-dell-chargeurs-divers","8":"product_shipping_class-fraix-livraison-moins-de-500-grammes","10":"first","11":"instock","12":"purchasable","13":"product-type-simple"},"yoast_head":"<!-- This site is optimized with the Yoast SEO plugin v27.0 - https:\/\/yoast.com\/product\/yoast-seo-wordpress\/ -->\n<title>chargeur Originale Dell PA12 DA65NM111-00 - EIRL CJL-INFO<\/title>\n<meta name=\"description\" content=\"Pi\u00e8ces d\u00e9tach\u00e9es pour ordinateurs - EIRL CJL-INFO -\" \/>\n<meta name=\"robots\" content=\"index, follow, max-snippet:-1, max-image-preview:large, max-video-preview:-1\" \/>\n<link rel=\"canonical\" href=\"https:\/\/www.cjl-info.com\/?product=chargeur-originale-dell-pa12-da65nm111-00\" \/>\n<meta property=\"og:locale\" content=\"fr_FR\" \/>\n<meta property=\"og:type\" content=\"article\" \/>\n<meta property=\"og:title\" content=\"chargeur Originale Dell PA12 DA65NM111-00 - EIRL CJL-INFO\" \/>\n<meta property=\"og:description\" content=\"Pi\u00e8ces d\u00e9tach\u00e9es pour ordinateurs - EIRL CJL-INFO -\" \/>\n<meta property=\"og:url\" content=\"https:\/\/www.cjl-info.com\/?product=chargeur-originale-dell-pa12-da65nm111-00\" \/>\n<meta property=\"og:site_name\" content=\"EIRL CJL-INFO\" \/>\n<meta property=\"article:publisher\" content=\"https:\/\/www.facebook.com\/people\/Cjl-info-systme-et-rseaux-informatique\/100067370149168\/\" \/>\n<meta property=\"article:modified_time\" content=\"2023-01-11T08:01:16+00:00\" \/>\n<meta property=\"og:image\" content=\"https:\/\/www.cjl-info.com\/wp-content\/uploads\/2021\/02\/Chargeur-Dell-PA12-DA65NM111-00-600.jpg\" \/>\n\t<meta property=\"og:image:width\" content=\"583\" \/>\n\t<meta property=\"og:image:height\" content=\"600\" \/>\n\t<meta property=\"og:image:type\" content=\"image\/jpeg\" \/>\n<meta name=\"twitter:card\" content=\"summary_large_image\" \/>\n<meta name=\"twitter:site\" content=\"@CJLINFO\" \/>\n<script type=\"application\/ld+json\" class=\"yoast-schema-graph\">{\"@context\":\"https:\/\/schema.org\",\"@graph\":[{\"@type\":\"WebPage\",\"@id\":\"https:\/\/www.cjl-info.com\/?product=chargeur-originale-dell-pa12-da65nm111-00\",\"url\":\"https:\/\/www.cjl-info.com\/?product=chargeur-originale-dell-pa12-da65nm111-00\",\"name\":\"chargeur Originale Dell PA12 DA65NM111-00 - EIRL CJL-INFO\",\"isPartOf\":{\"@id\":\"https:\/\/www.cjl-info.com\/#website\"},\"primaryImageOfPage\":{\"@id\":\"https:\/\/www.cjl-info.com\/?product=chargeur-originale-dell-pa12-da65nm111-00#primaryimage\"},\"image\":{\"@id\":\"https:\/\/www.cjl-info.com\/?product=chargeur-originale-dell-pa12-da65nm111-00#primaryimage\"},\"thumbnailUrl\":\"https:\/\/www.cjl-info.com\/wp-content\/uploads\/2021\/02\/Chargeur-Dell-PA12-DA65NM111-00-600.jpg\",\"datePublished\":\"2021-02-21T09:54:44+00:00\",\"dateModified\":\"2023-01-11T08:01:16+00:00\",\"description\":\"Pi\u00e8ces d\u00e9tach\u00e9es pour ordinateurs - EIRL CJL-INFO -\",\"breadcrumb\":{\"@id\":\"https:\/\/www.cjl-info.com\/?product=chargeur-originale-dell-pa12-da65nm111-00#breadcrumb\"},\"inLanguage\":\"fr-FR\",\"potentialAction\":[{\"@type\":\"ReadAction\",\"target\":[\"https:\/\/www.cjl-info.com\/?product=chargeur-originale-dell-pa12-da65nm111-00\"]}]},{\"@type\":\"ImageObject\",\"inLanguage\":\"fr-FR\",\"@id\":\"https:\/\/www.cjl-info.com\/?product=chargeur-originale-dell-pa12-da65nm111-00#primaryimage\",\"url\":\"https:\/\/www.cjl-info.com\/wp-content\/uploads\/2021\/02\/Chargeur-Dell-PA12-DA65NM111-00-600.jpg\",\"contentUrl\":\"https:\/\/www.cjl-info.com\/wp-content\/uploads\/2021\/02\/Chargeur-Dell-PA12-DA65NM111-00-600.jpg\",\"width\":583,\"height\":600},{\"@type\":\"BreadcrumbList\",\"@id\":\"https:\/\/www.cjl-info.com\/?product=chargeur-originale-dell-pa12-da65nm111-00#breadcrumb\",\"itemListElement\":[{\"@type\":\"ListItem\",\"position\":1,\"name\":\"Accueil\",\"item\":\"https:\/\/www.cjl-info.com\/\"},{\"@type\":\"ListItem\",\"position\":2,\"name\":\"Boutique\",\"item\":\"https:\/\/www.cjl-info.com\/\"},{\"@type\":\"ListItem\",\"position\":3,\"name\":\"chargeur Originale Dell PA12 DA65NM111-00\"}]},{\"@type\":\"WebSite\",\"@id\":\"https:\/\/www.cjl-info.com\/#website\",\"url\":\"https:\/\/www.cjl-info.com\/\",\"name\":\"EIRL CJL-INFO\",\"description\":\"Pi\u00e8ces d\u00e9tach\u00e9es pour ordinateurs\",\"publisher\":{\"@id\":\"https:\/\/www.cjl-info.com\/#organization\"},\"alternateName\":\"Informaticien saint paul de vence Cagnes sur mer antibes saint laurent du var\",\"potentialAction\":[{\"@type\":\"SearchAction\",\"target\":{\"@type\":\"EntryPoint\",\"urlTemplate\":\"https:\/\/www.cjl-info.com\/?s={search_term_string}\"},\"query-input\":{\"@type\":\"PropertyValueSpecification\",\"valueRequired\":true,\"valueName\":\"search_term_string\"}}],\"inLanguage\":\"fr-FR\"},{\"@type\":\"Organization\",\"@id\":\"https:\/\/www.cjl-info.com\/#organization\",\"name\":\"CJL-INFO\",\"alternateName\":\"CJL-INFO Syst\u00e8mes et R\u00e9seaux Informatiques\",\"url\":\"https:\/\/www.cjl-info.com\/\",\"logo\":{\"@type\":\"ImageObject\",\"inLanguage\":\"fr-FR\",\"@id\":\"https:\/\/www.cjl-info.com\/#\/schema\/logo\/image\/\",\"url\":\"https:\/\/www.cjl-info.com\/wp-content\/uploads\/2023\/04\/cropped-cropped-cjl-info-1.jpg\",\"contentUrl\":\"https:\/\/www.cjl-info.com\/wp-content\/uploads\/2023\/04\/cropped-cropped-cjl-info-1.jpg\",\"width\":512,\"height\":510,\"caption\":\"CJL-INFO\"},\"image\":{\"@id\":\"https:\/\/www.cjl-info.com\/#\/schema\/logo\/image\/\"},\"sameAs\":[\"https:\/\/www.facebook.com\/people\/Cjl-info-systme-et-rseaux-informatique\/100067370149168\/\",\"https:\/\/x.com\/CJLINFO\"]}]}<\/script>\n<!-- \/ Yoast SEO plugin. -->","yoast_head_json":{"title":"chargeur Originale Dell PA12 DA65NM111-00 - EIRL CJL-INFO","description":"Pi\u00e8ces d\u00e9tach\u00e9es pour ordinateurs - EIRL CJL-INFO -","robots":{"index":"index","follow":"follow","max-snippet":"max-snippet:-1","max-image-preview":"max-image-preview:large","max-video-preview":"max-video-preview:-1"},"canonical":"https:\/\/www.cjl-info.com\/?product=chargeur-originale-dell-pa12-da65nm111-00","og_locale":"fr_FR","og_type":"article","og_title":"chargeur Originale Dell PA12 DA65NM111-00 - EIRL CJL-INFO","og_description":"Pi\u00e8ces d\u00e9tach\u00e9es pour ordinateurs - EIRL CJL-INFO -","og_url":"https:\/\/www.cjl-info.com\/?product=chargeur-originale-dell-pa12-da65nm111-00","og_site_name":"EIRL CJL-INFO","article_publisher":"https:\/\/www.facebook.com\/people\/Cjl-info-systme-et-rseaux-informatique\/100067370149168\/","article_modified_time":"2023-01-11T08:01:16+00:00","og_image":[{"width":583,"height":600,"url":"https:\/\/www.cjl-info.com\/wp-content\/uploads\/2021\/02\/Chargeur-Dell-PA12-DA65NM111-00-600.jpg","type":"image\/jpeg"}],"twitter_card":"summary_large_image","twitter_site":"@CJLINFO","schema":{"@context":"https:\/\/schema.org","@graph":[{"@type":"WebPage","@id":"https:\/\/www.cjl-info.com\/?product=chargeur-originale-dell-pa12-da65nm111-00","url":"https:\/\/www.cjl-info.com\/?product=chargeur-originale-dell-pa12-da65nm111-00","name":"chargeur Originale Dell PA12 DA65NM111-00 - EIRL CJL-INFO","isPartOf":{"@id":"https:\/\/www.cjl-info.com\/#website"},"primaryImageOfPage":{"@id":"https:\/\/www.cjl-info.com\/?product=chargeur-originale-dell-pa12-da65nm111-00#primaryimage"},"image":{"@id":"https:\/\/www.cjl-info.com\/?product=chargeur-originale-dell-pa12-da65nm111-00#primaryimage"},"thumbnailUrl":"https:\/\/www.cjl-info.com\/wp-content\/uploads\/2021\/02\/Chargeur-Dell-PA12-DA65NM111-00-600.jpg","datePublished":"2021-02-21T09:54:44+00:00","dateModified":"2023-01-11T08:01:16+00:00","description":"Pi\u00e8ces d\u00e9tach\u00e9es pour ordinateurs - EIRL CJL-INFO -","breadcrumb":{"@id":"https:\/\/www.cjl-info.com\/?product=chargeur-originale-dell-pa12-da65nm111-00#breadcrumb"},"inLanguage":"fr-FR","potentialAction":[{"@type":"ReadAction","target":["https:\/\/www.cjl-info.com\/?product=chargeur-originale-dell-pa12-da65nm111-00"]}]},{"@type":"ImageObject","inLanguage":"fr-FR","@id":"https:\/\/www.cjl-info.com\/?product=chargeur-originale-dell-pa12-da65nm111-00#primaryimage","url":"https:\/\/www.cjl-info.com\/wp-content\/uploads\/2021\/02\/Chargeur-Dell-PA12-DA65NM111-00-600.jpg","contentUrl":"https:\/\/www.cjl-info.com\/wp-content\/uploads\/2021\/02\/Chargeur-Dell-PA12-DA65NM111-00-600.jpg","width":583,"height":600},{"@type":"BreadcrumbList","@id":"https:\/\/www.cjl-info.com\/?product=chargeur-originale-dell-pa12-da65nm111-00#breadcrumb","itemListElement":[{"@type":"ListItem","position":1,"name":"Accueil","item":"https:\/\/www.cjl-info.com\/"},{"@type":"ListItem","position":2,"name":"Boutique","item":"https:\/\/www.cjl-info.com\/"},{"@type":"ListItem","position":3,"name":"chargeur Originale Dell PA12 DA65NM111-00"}]},{"@type":"WebSite","@id":"https:\/\/www.cjl-info.com\/#website","url":"https:\/\/www.cjl-info.com\/","name":"EIRL CJL-INFO","description":"Pi\u00e8ces d\u00e9tach\u00e9es pour ordinateurs","publisher":{"@id":"https:\/\/www.cjl-info.com\/#organization"},"alternateName":"Informaticien saint paul de vence Cagnes sur mer antibes saint laurent du var","potentialAction":[{"@type":"SearchAction","target":{"@type":"EntryPoint","urlTemplate":"https:\/\/www.cjl-info.com\/?s={search_term_string}"},"query-input":{"@type":"PropertyValueSpecification","valueRequired":true,"valueName":"search_term_string"}}],"inLanguage":"fr-FR"},{"@type":"Organization","@id":"https:\/\/www.cjl-info.com\/#organization","name":"CJL-INFO","alternateName":"CJL-INFO Syst\u00e8mes et R\u00e9seaux Informatiques","url":"https:\/\/www.cjl-info.com\/","logo":{"@type":"ImageObject","inLanguage":"fr-FR","@id":"https:\/\/www.cjl-info.com\/#\/schema\/logo\/image\/","url":"https:\/\/www.cjl-info.com\/wp-content\/uploads\/2023\/04\/cropped-cropped-cjl-info-1.jpg","contentUrl":"https:\/\/www.cjl-info.com\/wp-content\/uploads\/2023\/04\/cropped-cropped-cjl-info-1.jpg","width":512,"height":510,"caption":"CJL-INFO"},"image":{"@id":"https:\/\/www.cjl-info.com\/#\/schema\/logo\/image\/"},"sameAs":["https:\/\/www.facebook.com\/people\/Cjl-info-systme-et-rseaux-informatique\/100067370149168\/","https:\/\/x.com\/CJLINFO"]}]}},"_links":{"self":[{"href":"https:\/\/www.cjl-info.com\/index.php?rest_route=\/wp\/v2\/product\/142","targetHints":{"allow":["GET"]}}],"collection":[{"href":"https:\/\/www.cjl-info.com\/index.php?rest_route=\/wp\/v2\/product"}],"about":[{"href":"https:\/\/www.cjl-info.com\/index.php?rest_route=\/wp\/v2\/types\/product"}],"replies":[{"embeddable":true,"href":"https:\/\/www.cjl-info.com\/index.php?rest_route=%2Fwp%2Fv2%2Fcomments&post=142"}],"version-history":[{"count":0,"href":"https:\/\/www.cjl-info.com\/index.php?rest_route=\/wp\/v2\/product\/142\/revisions"}],"wp:featuredmedia":[{"embeddable":true,"href":"https:\/\/www.cjl-info.com\/index.php?rest_route=\/wp\/v2\/media\/145"}],"wp:attachment":[{"href":"https:\/\/www.cjl-info.com\/index.php?rest_route=%2Fwp%2Fv2%2Fmedia&parent=142"}],"wp:term":[{"taxonomy":"product_brand","embeddable":true,"href":"https:\/\/www.cjl-info.com\/index.php?rest_route=%2Fwp%2Fv2%2Fproduct_brand&post=142"},{"taxonomy":"product_cat","embeddable":true,"href":"https:\/\/www.cjl-info.com\/index.php?rest_route=%2Fwp%2Fv2%2Fproduct_cat&post=142"},{"taxonomy":"product_tag","embeddable":true,"href":"https:\/\/www.cjl-info.com\/index.php?rest_route=%2Fwp%2Fv2%2Fproduct_tag&post=142"}],"curies":[{"name":"wp","href":"https:\/\/api.w.org\/{rel}","templated":true}]}}